{"id":1325,"date":"2023-11-22T14:47:22","date_gmt":"2023-11-22T13:47:22","guid":{"rendered":"https:\/\/culturaindustria.it\/wordpress\/?page_id=1325"},"modified":"2023-12-12T16:11:17","modified_gmt":"2023-12-12T15:11:17","slug":"malteria-tirrena-oggi-s-a-p-l-o","status":"publish","type":"page","link":"https:\/\/culturaindustria.it\/wordpress\/malteria-tirrena-oggi-s-a-p-l-o\/","title":{"rendered":"Malteria SAPLO"},"content":{"rendered":"\n<p>Lo stabilimento della <strong>Malteria Tirrena<\/strong>, societ\u00e0 compresa nella holding maltaria <strong>S.A.P.L.O.<\/strong> (Societ\u00e0 Anonima Produzione e Lavorazione Orzo), \u00e8 stato realizzato a Pomezia nel 1965 e finanziato con i fondi della Cassa del Mezzogiorno. Autore \u00e8 l\u2019architetto Alberto Sisto Molinari, al tempo assistente di Maurizio Sacripanti all\u2019Universit\u00e0 degli Studi di Roma La Sapienza. <\/p>\n\n\n\n<p>Il progetto della fabbrica viene organizzato per blocchi funzionali: si distinguono la torre di lavorazione, dove avvengono la calibratura e la pulitura dell\u2019orzo, e il blocco dei cinquantatr\u00e9 silos in cemento. Nella parte posteriore sono presenti le vasche di macero per la bagnatura dell\u2019orzo e le quattro strade di germinazione in cui il chicco, attraverso un sistema di movimentazione e aerazione, viene fatto germinare. Il processo si conclude con l\u2019asciugatura dell\u2019orzo negli essiccatoi. Terminano l&#8217;impianto la caldaia con la ciminiera (oggi demolita) e la palazzina degli uffici prospiciente via Naro, che ospita diversi appartamenti per il monitoraggio continuo del ciclo produttivo. <\/p>\n\n\n\n<p>A partire dagli anni Settanta si sono susseguite varie trasformazioni: vengono realizzati altri sedici silos in cemento nella parte posteriore con una cabina vetrata di regia in sommit\u00e0 (poi demolita), tre vasche di macero, due strade di germinazione e un essiccatoio. Successivamente l\u2019impianto \u00e8 stato arricchito con scale antincendio esterne (poi sostituite), dieci silos in metallo nella parte posteriore e altri dieci silos in metallo nel lotto adiacente. Nel 2021 sono stati realizzati altri tre silos.<\/p>\n\n\n\n<p><strong><a href=\"https:\/\/culturaindustria.it\/wordpress\/malteria-saplo\/\">Analisi dello stabilimento secondo il protocollo critico-analitico del Landmark Factory Building<\/a><\/strong><\/p>\n\n\n\n<div style=\"height:23px\" aria-hidden=\"true\" class=\"wp-block-spacer\"><\/div>\n\n\n\n<figure class=\"wp-block-gallery has-nested-images columns-default is-cropped wp-block-gallery-1 is-layout-flex wp-block-gallery-is-layout-flex\">\n<figure class=\"wp-block-image size-large\"><a href=\"https:\/\/culturaindustria.it\/wordpress\/wp-content\/uploads\/2023\/11\/STB_SAP_01.jpg\"><img loading=\"lazy\" decoding=\"async\" width=\"1024\" height=\"555\" data-attachment-id=\"1326\" data-permalink=\"https:\/\/culturaindustria.it\/wordpress\/malteria-tirrena-oggi-s-a-p-l-o\/stb_sap_01\/\" data-orig-file=\"https:\/\/culturaindustria.it\/wordpress\/wp-content\/uploads\/2023\/11\/STB_SAP_01.jpg\" data-orig-size=\"1024,555\" data-comments-opened=\"0\" data-image-meta=\"{&quot;aperture&quot;:&quot;0&quot;,&quot;credit&quot;:&quot;&quot;,&quot;camera&quot;:&quot;&quot;,&quot;caption&quot;:&quot;&quot;,&quot;created_timestamp&quot;:&quot;0&quot;,&quot;copyright&quot;:&quot;&quot;,&quot;focal_length&quot;:&quot;0&quot;,&quot;iso&quot;:&quot;0&quot;,&quot;shutter_speed&quot;:&quot;0&quot;,&quot;title&quot;:&quot;&quot;,&quot;orientation&quot;:&quot;1&quot;}\" data-image-title=\"STB_SAP_01\" data-image-description=\"&lt;p&gt;Veduta prospettica progetto originale, Malteria Tirrena, Pomezia (RM), 1962. Archivio Storico aziendale Malteria SAPLO, Pomezia&lt;\/p&gt;\n\" data-image-caption=\"&lt;p&gt;Veduta prospettica progetto originale, Malteria Tirrena, Pomezia (RM), 1962. Archivio Storico aziendale Malteria SAPLO, Pomezia&lt;\/p&gt;\n\" data-medium-file=\"https:\/\/culturaindustria.it\/wordpress\/wp-content\/uploads\/2023\/11\/STB_SAP_01-300x163.jpg\" data-large-file=\"https:\/\/culturaindustria.it\/wordpress\/wp-content\/uploads\/2023\/11\/STB_SAP_01.jpg\" data-id=\"1326\" src=\"https:\/\/culturaindustria.it\/wordpress\/wp-content\/uploads\/2023\/11\/STB_SAP_01.jpg\" alt=\"Veduta prospettica progetto originale, Malteria Tirrena, Pomezia (RM), 1962. Archivio Storico aziendale Malteria SAPLO, Pomezia\" class=\"wp-image-1326\" srcset=\"https:\/\/culturaindustria.it\/wordpress\/wp-content\/uploads\/2023\/11\/STB_SAP_01.jpg 1024w, https:\/\/culturaindustria.it\/wordpress\/wp-content\/uploads\/2023\/11\/STB_SAP_01-300x163.jpg 300w, https:\/\/culturaindustria.it\/wordpress\/wp-content\/uploads\/2023\/11\/STB_SAP_01-768x416.jpg 768w\" sizes=\"auto, (max-width: 1024px) 100vw, 1024px\" \/><\/a><figcaption class=\"wp-element-caption\">Veduta prospettica progetto originale, Malteria Tirrena, Pomezia (RM), 1962. Archivio Storico aziendale Malteria SAPLO, Pomezia<\/figcaption><\/figure>\n\n\n\n<figure class=\"wp-block-image size-large\"><a href=\"https:\/\/culturaindustria.it\/wordpress\/wp-content\/uploads\/2023\/11\/STB_SAP_02.jpg\"><img loading=\"lazy\" decoding=\"async\" width=\"985\" height=\"614\" data-attachment-id=\"1327\" data-permalink=\"https:\/\/culturaindustria.it\/wordpress\/malteria-tirrena-oggi-s-a-p-l-o\/stb_sap_02\/\" data-orig-file=\"https:\/\/culturaindustria.it\/wordpress\/wp-content\/uploads\/2023\/11\/STB_SAP_02.jpg\" data-orig-size=\"985,614\" data-comments-opened=\"0\" data-image-meta=\"{&quot;aperture&quot;:&quot;1&quot;,&quot;credit&quot;:&quot;&quot;,&quot;camera&quot;:&quot;GFX 50S&quot;,&quot;caption&quot;:&quot;&quot;,&quot;created_timestamp&quot;:&quot;1680183949&quot;,&quot;copyright&quot;:&quot;&quot;,&quot;focal_length&quot;:&quot;0&quot;,&quot;iso&quot;:&quot;400&quot;,&quot;shutter_speed&quot;:&quot;0.6&quot;,&quot;title&quot;:&quot;&quot;,&quot;orientation&quot;:&quot;1&quot;}\" data-image-title=\"STB_SAP_02\" data-image-description=\"&lt;p&gt;Planimetria generale prospetto originale, Malteria Tirrena, Pomezia (RM), 1965. Archivio Storico aziendale Malteria SAPLO, Pomezia&lt;\/p&gt;\n\" data-image-caption=\"&lt;p&gt;Planimetria generale prospetto originale, Malteria Tirrena, Pomezia (RM), 1965. Archivio Storico aziendale Malteria SAPLO, Pomezia&lt;\/p&gt;\n\" data-medium-file=\"https:\/\/culturaindustria.it\/wordpress\/wp-content\/uploads\/2023\/11\/STB_SAP_02-300x187.jpg\" data-large-file=\"https:\/\/culturaindustria.it\/wordpress\/wp-content\/uploads\/2023\/11\/STB_SAP_02.jpg\" data-id=\"1327\" src=\"https:\/\/culturaindustria.it\/wordpress\/wp-content\/uploads\/2023\/11\/STB_SAP_02.jpg\" alt=\"Planimetria generale prospetto originale, Malteria Tirrena, Pomezia (RM), 1965. Archivio Storico aziendale Malteria SAPLO, Pomezia\" class=\"wp-image-1327\" srcset=\"https:\/\/culturaindustria.it\/wordpress\/wp-content\/uploads\/2023\/11\/STB_SAP_02.jpg 985w, https:\/\/culturaindustria.it\/wordpress\/wp-content\/uploads\/2023\/11\/STB_SAP_02-300x187.jpg 300w, https:\/\/culturaindustria.it\/wordpress\/wp-content\/uploads\/2023\/11\/STB_SAP_02-768x479.jpg 768w\" sizes=\"auto, (max-width: 985px) 100vw, 985px\" \/><\/a><figcaption class=\"wp-element-caption\">Planimetria generale prospetto originale, Malteria Tirrena, Pomezia (RM), 1965. Archivio Storico aziendale Malteria SAPLO, Pomezia<\/figcaption><\/figure>\n\n\n\n<figure class=\"wp-block-image size-large\"><a href=\"https:\/\/culturaindustria.it\/wordpress\/wp-content\/uploads\/2023\/11\/STB_SAP_03.jpg\"><img loading=\"lazy\" decoding=\"async\" width=\"927\" height=\"768\" data-attachment-id=\"1328\" data-permalink=\"https:\/\/culturaindustria.it\/wordpress\/malteria-tirrena-oggi-s-a-p-l-o\/stb_sap_03\/\" data-orig-file=\"https:\/\/culturaindustria.it\/wordpress\/wp-content\/uploads\/2023\/11\/STB_SAP_03.jpg\" data-orig-size=\"927,768\" data-comments-opened=\"0\" data-image-meta=\"{&quot;aperture&quot;:&quot;0&quot;,&quot;credit&quot;:&quot;&quot;,&quot;camera&quot;:&quot;&quot;,&quot;caption&quot;:&quot;&quot;,&quot;created_timestamp&quot;:&quot;0&quot;,&quot;copyright&quot;:&quot;&quot;,&quot;focal_length&quot;:&quot;0&quot;,&quot;iso&quot;:&quot;0&quot;,&quot;shutter_speed&quot;:&quot;0&quot;,&quot;title&quot;:&quot;&quot;,&quot;orientation&quot;:&quot;1&quot;}\" data-image-title=\"STB_SAP_03\" data-image-description=\"&lt;p&gt;Vista aerea, Malteria Tirrena, Pomezia (RM), 1965. Archivio Storico aziendale Malteria SAPLO, Pomezia&lt;\/p&gt;\n\" data-image-caption=\"&lt;p&gt;Vista aerea, Malteria Tirrena, Pomezia (RM), 1965. Archivio Storico aziendale Malteria SAPLO, Pomezia&lt;\/p&gt;\n\" data-medium-file=\"https:\/\/culturaindustria.it\/wordpress\/wp-content\/uploads\/2023\/11\/STB_SAP_03-300x249.jpg\" data-large-file=\"https:\/\/culturaindustria.it\/wordpress\/wp-content\/uploads\/2023\/11\/STB_SAP_03.jpg\" data-id=\"1328\" src=\"https:\/\/culturaindustria.it\/wordpress\/wp-content\/uploads\/2023\/11\/STB_SAP_03.jpg\" alt=\"Vista aerea, Malteria Tirrena, Pomezia (RM), 1965. Archivio Storico aziendale Malteria SAPLO, Pomezia\" class=\"wp-image-1328\" srcset=\"https:\/\/culturaindustria.it\/wordpress\/wp-content\/uploads\/2023\/11\/STB_SAP_03.jpg 927w, https:\/\/culturaindustria.it\/wordpress\/wp-content\/uploads\/2023\/11\/STB_SAP_03-300x249.jpg 300w, https:\/\/culturaindustria.it\/wordpress\/wp-content\/uploads\/2023\/11\/STB_SAP_03-768x636.jpg 768w\" sizes=\"auto, (max-width: 927px) 100vw, 927px\" \/><\/a><figcaption class=\"wp-element-caption\">Vista aerea, Malteria Tirrena, Pomezia (RM), 1965. Archivio Storico aziendale Malteria SAPLO, Pomezia<\/figcaption><\/figure>\n\n\n\n<figure class=\"wp-block-image size-large\"><a href=\"https:\/\/culturaindustria.it\/wordpress\/wp-content\/uploads\/2023\/11\/STB_SAP_04.jpg\"><img loading=\"lazy\" decoding=\"async\" width=\"1024\" height=\"813\" data-attachment-id=\"1329\" data-permalink=\"https:\/\/culturaindustria.it\/wordpress\/malteria-tirrena-oggi-s-a-p-l-o\/stb_sap_04\/\" data-orig-file=\"https:\/\/culturaindustria.it\/wordpress\/wp-content\/uploads\/2023\/11\/STB_SAP_04.jpg\" data-orig-size=\"1024,813\" data-comments-opened=\"0\" data-image-meta=\"{&quot;aperture&quot;:&quot;0&quot;,&quot;credit&quot;:&quot;&quot;,&quot;camera&quot;:&quot;&quot;,&quot;caption&quot;:&quot;&quot;,&quot;created_timestamp&quot;:&quot;0&quot;,&quot;copyright&quot;:&quot;&quot;,&quot;focal_length&quot;:&quot;0&quot;,&quot;iso&quot;:&quot;0&quot;,&quot;shutter_speed&quot;:&quot;0&quot;,&quot;title&quot;:&quot;&quot;,&quot;orientation&quot;:&quot;1&quot;}\" data-image-title=\"STB_SAP_04\" data-image-description=\"&lt;p&gt;Campi di sperimentazione dell\u2019orzo distico da birra, Malteria Tirrena, Pomezia (RM), 1965. Archivio Storico aziendale Malteria SAPLO, Pomezia&lt;\/p&gt;\n\" data-image-caption=\"&lt;p&gt;Campi di sperimentazione dell\u2019orzo distico da birra, Malteria Tirrena, Pomezia (RM), 1965. Archivio Storico aziendale Malteria SAPLO, Pomezia&lt;\/p&gt;\n\" data-medium-file=\"https:\/\/culturaindustria.it\/wordpress\/wp-content\/uploads\/2023\/11\/STB_SAP_04-300x238.jpg\" data-large-file=\"https:\/\/culturaindustria.it\/wordpress\/wp-content\/uploads\/2023\/11\/STB_SAP_04.jpg\" data-id=\"1329\" src=\"https:\/\/culturaindustria.it\/wordpress\/wp-content\/uploads\/2023\/11\/STB_SAP_04.jpg\" alt=\"Campi di sperimentazione dell\u2019orzo distico da birra, Malteria Tirrena, Pomezia (RM), 1965. Archivio Storico aziendale Malteria SAPLO, Pomezia\" class=\"wp-image-1329\" srcset=\"https:\/\/culturaindustria.it\/wordpress\/wp-content\/uploads\/2023\/11\/STB_SAP_04.jpg 1024w, https:\/\/culturaindustria.it\/wordpress\/wp-content\/uploads\/2023\/11\/STB_SAP_04-300x238.jpg 300w, https:\/\/culturaindustria.it\/wordpress\/wp-content\/uploads\/2023\/11\/STB_SAP_04-768x610.jpg 768w\" sizes=\"auto, (max-width: 1024px) 100vw, 1024px\" \/><\/a><figcaption class=\"wp-element-caption\">Campi di sperimentazione dell\u2019orzo distico da birra, Malteria Tirrena, Pomezia (RM), 1965. Archivio Storico aziendale Malteria SAPLO, Pomezia<\/figcaption><\/figure>\n\n\n\n<figure class=\"wp-block-image size-large\"><a href=\"https:\/\/culturaindustria.it\/wordpress\/wp-content\/uploads\/2023\/11\/STB_SAP_05.jpg\"><img loading=\"lazy\" decoding=\"async\" width=\"1024\" height=\"768\" data-attachment-id=\"1330\" data-permalink=\"https:\/\/culturaindustria.it\/wordpress\/malteria-tirrena-oggi-s-a-p-l-o\/stb_sap_05\/\" data-orig-file=\"https:\/\/culturaindustria.it\/wordpress\/wp-content\/uploads\/2023\/11\/STB_SAP_05.jpg\" data-orig-size=\"1024,768\" data-comments-opened=\"0\" data-image-meta=\"{&quot;aperture&quot;:&quot;0&quot;,&quot;credit&quot;:&quot;&quot;,&quot;camera&quot;:&quot;&quot;,&quot;caption&quot;:&quot;&quot;,&quot;created_timestamp&quot;:&quot;0&quot;,&quot;copyright&quot;:&quot;&quot;,&quot;focal_length&quot;:&quot;0&quot;,&quot;iso&quot;:&quot;0&quot;,&quot;shutter_speed&quot;:&quot;0&quot;,&quot;title&quot;:&quot;&quot;,&quot;orientation&quot;:&quot;1&quot;}\" data-image-title=\"STB_SAP_05\" data-image-description=\"&lt;p&gt;Veduta delle strade di germinazione, Malteria SAPLO, Pomezia (RM), 2023, fotografia di A. Coppo. Archivio Carta della Cultura Industriale &lt;\/p&gt;\n\" data-image-caption=\"&lt;p&gt;Veduta delle strade di germinazione, Malteria SAPLO, Pomezia (RM), 2023, fotografia di A. Coppo. Archivio Carta della Cultura Industriale &lt;\/p&gt;\n\" data-medium-file=\"https:\/\/culturaindustria.it\/wordpress\/wp-content\/uploads\/2023\/11\/STB_SAP_05-300x225.jpg\" data-large-file=\"https:\/\/culturaindustria.it\/wordpress\/wp-content\/uploads\/2023\/11\/STB_SAP_05.jpg\" data-id=\"1330\" src=\"https:\/\/culturaindustria.it\/wordpress\/wp-content\/uploads\/2023\/11\/STB_SAP_05.jpg\" alt=\"Veduta delle strade di germinazione, Malteria SAPLO, Pomezia (RM), 2023, fotografia di A. Coppo. Archivio Carta della Cultura Industriale \" class=\"wp-image-1330\" srcset=\"https:\/\/culturaindustria.it\/wordpress\/wp-content\/uploads\/2023\/11\/STB_SAP_05.jpg 1024w, https:\/\/culturaindustria.it\/wordpress\/wp-content\/uploads\/2023\/11\/STB_SAP_05-300x225.jpg 300w, https:\/\/culturaindustria.it\/wordpress\/wp-content\/uploads\/2023\/11\/STB_SAP_05-768x576.jpg 768w\" sizes=\"auto, (max-width: 1024px) 100vw, 1024px\" \/><\/a><figcaption class=\"wp-element-caption\">Veduta delle strade di germinazione, Malteria SAPLO, Pomezia (RM), 2023, fotografia di A. Coppo. Archivio Carta della Cultura Industriale <\/figcaption><\/figure>\n\n\n\n<figure class=\"wp-block-image size-large\"><a href=\"https:\/\/culturaindustria.it\/wordpress\/wp-content\/uploads\/2023\/11\/STB_SAP_06.jpg\"><img loading=\"lazy\" decoding=\"async\" width=\"1024\" height=\"718\" data-attachment-id=\"1331\" data-permalink=\"https:\/\/culturaindustria.it\/wordpress\/malteria-tirrena-oggi-s-a-p-l-o\/stb_sap_06\/\" data-orig-file=\"https:\/\/culturaindustria.it\/wordpress\/wp-content\/uploads\/2023\/11\/STB_SAP_06.jpg\" data-orig-size=\"1881,1319\" data-comments-opened=\"0\" data-image-meta=\"{&quot;aperture&quot;:&quot;1.8&quot;,&quot;credit&quot;:&quot;&quot;,&quot;camera&quot;:&quot;realme GT Master Edition&quot;,&quot;caption&quot;:&quot;&quot;,&quot;created_timestamp&quot;:&quot;1680636021&quot;,&quot;copyright&quot;:&quot;&quot;,&quot;focal_length&quot;:&quot;4.73&quot;,&quot;iso&quot;:&quot;1456&quot;,&quot;shutter_speed&quot;:&quot;0.02&quot;,&quot;title&quot;:&quot;&quot;,&quot;orientation&quot;:&quot;1&quot;}\" data-image-title=\"STB_SAP_06\" data-image-description=\"&lt;p&gt;Veduta dei serbatoi in metallo da via Naro, Malteria SAPLO, Pomezia (RM), anni 1990. Archivio Storico aziendale Malteria SAPLO, Pomezia &lt;\/p&gt;\n\" data-image-caption=\"&lt;p&gt;Veduta dei serbatoi in metallo da via Naro, Malteria SAPLO, Pomezia (RM), anni 1990. Archivio Storico aziendale Malteria SAPLO, Pomezia &lt;\/p&gt;\n\" data-medium-file=\"https:\/\/culturaindustria.it\/wordpress\/wp-content\/uploads\/2023\/11\/STB_SAP_06-300x210.jpg\" data-large-file=\"https:\/\/culturaindustria.it\/wordpress\/wp-content\/uploads\/2023\/11\/STB_SAP_06-1024x718.jpg\" data-id=\"1331\" src=\"https:\/\/culturaindustria.it\/wordpress\/wp-content\/uploads\/2023\/11\/STB_SAP_06-1024x718.jpg\" alt=\"Veduta dei serbatoi in metallo da via Naro, Malteria SAPLO, Pomezia (RM), anni 1990. Archivio Storico aziendale Malteria SAPLO, Pomezia \" class=\"wp-image-1331\" srcset=\"https:\/\/culturaindustria.it\/wordpress\/wp-content\/uploads\/2023\/11\/STB_SAP_06-1024x718.jpg 1024w, https:\/\/culturaindustria.it\/wordpress\/wp-content\/uploads\/2023\/11\/STB_SAP_06-300x210.jpg 300w, https:\/\/culturaindustria.it\/wordpress\/wp-content\/uploads\/2023\/11\/STB_SAP_06-768x539.jpg 768w, https:\/\/culturaindustria.it\/wordpress\/wp-content\/uploads\/2023\/11\/STB_SAP_06-1536x1077.jpg 1536w, https:\/\/culturaindustria.it\/wordpress\/wp-content\/uploads\/2023\/11\/STB_SAP_06-1568x1100.jpg 1568w, https:\/\/culturaindustria.it\/wordpress\/wp-content\/uploads\/2023\/11\/STB_SAP_06.jpg 1881w\" sizes=\"auto, (max-width: 1024px) 100vw, 1024px\" \/><\/a><figcaption class=\"wp-element-caption\">Veduta dei serbatoi in metallo da via Naro, Malteria SAPLO, Pomezia (RM), anni 1990. Archivio Storico aziendale Malteria SAPLO, Pomezia <\/figcaption><\/figure>\n<\/figure>\n","protected":false},"excerpt":{"rendered":"<p>Lo stabilimento della Malteria Tirrena, societ\u00e0 compresa nella holding maltaria S.A.P.L.O. (Societ\u00e0 Anonima Produzione e Lavorazione Orzo), \u00e8 stato realizzato a Pomezia nel 1965 e finanziato con i fondi della Cassa del Mezzogiorno. Autore \u00e8 l\u2019architetto Alberto Sisto Molinari, al tempo assistente di Maurizio Sacripanti all\u2019Universit\u00e0 degli Studi di Roma La Sapienza. Il progetto della&hellip; <a class=\"more-link\" href=\"https:\/\/culturaindustria.it\/wordpress\/malteria-tirrena-oggi-s-a-p-l-o\/\">Continua a leggere <span class=\"screen-reader-text\">Malteria SAPLO<\/span><\/a><\/p>\n","protected":false},"author":1,"featured_media":0,"parent":0,"menu_order":0,"comment_status":"closed","ping_status":"closed","template":"","meta":{"footnotes":""},"class_list":["post-1325","page","type-page","status-publish","hentry","entry"],"acf":{"id":8},"yoast_head":"<!-- This site is optimized with the Yoast SEO plugin v20.0 - https:\/\/yoast.com\/wordpress\/plugins\/seo\/ -->\n<title>Malteria SAPLO - Carta della Cultura Industriale<\/title>\n<meta name=\"robots\" content=\"index, follow, max-snippet:-1, max-image-preview:large, max-video-preview:-1\" \/>\n<link rel=\"canonical\" href=\"https:\/\/culturaindustria.it\/wordpress\/malteria-tirrena-oggi-s-a-p-l-o\/\" \/>\n<meta property=\"og:locale\" content=\"it_IT\" \/>\n<meta property=\"og:type\" content=\"article\" \/>\n<meta property=\"og:title\" content=\"Malteria SAPLO - Carta della Cultura Industriale\" \/>\n<meta property=\"og:description\" content=\"Lo stabilimento della Malteria Tirrena, societ\u00e0 compresa nella holding maltaria S.A.P.L.O. (Societ\u00e0 Anonima Produzione e Lavorazione Orzo), \u00e8 stato realizzato a Pomezia nel 1965 e finanziato con i fondi della Cassa del Mezzogiorno. Autore \u00e8 l\u2019architetto Alberto Sisto Molinari, al tempo assistente di Maurizio Sacripanti all\u2019Universit\u00e0 degli Studi di Roma La Sapienza. Il progetto della&hellip; Continua a leggere Malteria SAPLO\" \/>\n<meta property=\"og:url\" content=\"https:\/\/culturaindustria.it\/wordpress\/malteria-tirrena-oggi-s-a-p-l-o\/\" \/>\n<meta property=\"og:site_name\" content=\"Carta della Cultura Industriale\" \/>\n<meta property=\"article:modified_time\" content=\"2023-12-12T15:11:17+00:00\" \/>\n<meta property=\"og:image\" content=\"https:\/\/culturaindustria.it\/wordpress\/wp-content\/uploads\/2023\/11\/STB_SAP_01.jpg\" \/>\n<meta name=\"twitter:card\" content=\"summary_large_image\" \/>\n<meta name=\"twitter:label1\" content=\"Tempo di lettura stimato\" \/>\n\t<meta name=\"twitter:data1\" content=\"2 minuti\" \/>\n<script type=\"application\/ld+json\" class=\"yoast-schema-graph\">{\"@context\":\"https:\/\/schema.org\",\"@graph\":[{\"@type\":\"WebPage\",\"@id\":\"https:\/\/culturaindustria.it\/wordpress\/malteria-tirrena-oggi-s-a-p-l-o\/\",\"url\":\"https:\/\/culturaindustria.it\/wordpress\/malteria-tirrena-oggi-s-a-p-l-o\/\",\"name\":\"Malteria SAPLO - Carta della Cultura Industriale\",\"isPartOf\":{\"@id\":\"https:\/\/culturaindustria.it\/wordpress\/#website\"},\"datePublished\":\"2023-11-22T13:47:22+00:00\",\"dateModified\":\"2023-12-12T15:11:17+00:00\",\"breadcrumb\":{\"@id\":\"https:\/\/culturaindustria.it\/wordpress\/malteria-tirrena-oggi-s-a-p-l-o\/#breadcrumb\"},\"inLanguage\":\"it-IT\",\"potentialAction\":[{\"@type\":\"ReadAction\",\"target\":[\"https:\/\/culturaindustria.it\/wordpress\/malteria-tirrena-oggi-s-a-p-l-o\/\"]}]},{\"@type\":\"BreadcrumbList\",\"@id\":\"https:\/\/culturaindustria.it\/wordpress\/malteria-tirrena-oggi-s-a-p-l-o\/#breadcrumb\",\"itemListElement\":[{\"@type\":\"ListItem\",\"position\":1,\"name\":\"Home\",\"item\":\"https:\/\/culturaindustria.it\/wordpress\/\"},{\"@type\":\"ListItem\",\"position\":2,\"name\":\"Malteria SAPLO\"}]},{\"@type\":\"WebSite\",\"@id\":\"https:\/\/culturaindustria.it\/wordpress\/#website\",\"url\":\"https:\/\/culturaindustria.it\/wordpress\/\",\"name\":\"Carta della Cultura Industriale\",\"description\":\"\",\"publisher\":{\"@id\":\"https:\/\/culturaindustria.it\/wordpress\/#organization\"},\"potentialAction\":[{\"@type\":\"SearchAction\",\"target\":{\"@type\":\"EntryPoint\",\"urlTemplate\":\"https:\/\/culturaindustria.it\/wordpress\/?s={search_term_string}\"},\"query-input\":\"required name=search_term_string\"}],\"inLanguage\":\"it-IT\"},{\"@type\":\"Organization\",\"@id\":\"https:\/\/culturaindustria.it\/wordpress\/#organization\",\"name\":\"Carta della Cultura Industriale\",\"url\":\"https:\/\/culturaindustria.it\/wordpress\/\",\"logo\":{\"@type\":\"ImageObject\",\"inLanguage\":\"it-IT\",\"@id\":\"https:\/\/culturaindustria.it\/wordpress\/#\/schema\/logo\/image\/\",\"url\":\"https:\/\/culturaindustria.it\/wordpress\/wp-content\/uploads\/2023\/01\/CdCi.png\",\"contentUrl\":\"https:\/\/culturaindustria.it\/wordpress\/wp-content\/uploads\/2023\/01\/CdCi.png\",\"width\":475,\"height\":274,\"caption\":\"Carta della Cultura Industriale\"},\"image\":{\"@id\":\"https:\/\/culturaindustria.it\/wordpress\/#\/schema\/logo\/image\/\"}}]}<\/script>\n<!-- \/ Yoast SEO plugin. -->","yoast_head_json":{"title":"Malteria SAPLO - Carta della Cultura Industriale","robots":{"index":"index","follow":"follow","max-snippet":"max-snippet:-1","max-image-preview":"max-image-preview:large","max-video-preview":"max-video-preview:-1"},"canonical":"https:\/\/culturaindustria.it\/wordpress\/malteria-tirrena-oggi-s-a-p-l-o\/","og_locale":"it_IT","og_type":"article","og_title":"Malteria SAPLO - Carta della Cultura Industriale","og_description":"Lo stabilimento della Malteria Tirrena, societ\u00e0 compresa nella holding maltaria S.A.P.L.O. (Societ\u00e0 Anonima Produzione e Lavorazione Orzo), \u00e8 stato realizzato a Pomezia nel 1965 e finanziato con i fondi della Cassa del Mezzogiorno. Autore \u00e8 l\u2019architetto Alberto Sisto Molinari, al tempo assistente di Maurizio Sacripanti all\u2019Universit\u00e0 degli Studi di Roma La Sapienza. Il progetto della&hellip; Continua a leggere Malteria SAPLO","og_url":"https:\/\/culturaindustria.it\/wordpress\/malteria-tirrena-oggi-s-a-p-l-o\/","og_site_name":"Carta della Cultura Industriale","article_modified_time":"2023-12-12T15:11:17+00:00","og_image":[{"url":"https:\/\/culturaindustria.it\/wordpress\/wp-content\/uploads\/2023\/11\/STB_SAP_01.jpg"}],"twitter_card":"summary_large_image","twitter_misc":{"Tempo di lettura stimato":"2 minuti"},"schema":{"@context":"https:\/\/schema.org","@graph":[{"@type":"WebPage","@id":"https:\/\/culturaindustria.it\/wordpress\/malteria-tirrena-oggi-s-a-p-l-o\/","url":"https:\/\/culturaindustria.it\/wordpress\/malteria-tirrena-oggi-s-a-p-l-o\/","name":"Malteria SAPLO - Carta della Cultura Industriale","isPartOf":{"@id":"https:\/\/culturaindustria.it\/wordpress\/#website"},"datePublished":"2023-11-22T13:47:22+00:00","dateModified":"2023-12-12T15:11:17+00:00","breadcrumb":{"@id":"https:\/\/culturaindustria.it\/wordpress\/malteria-tirrena-oggi-s-a-p-l-o\/#breadcrumb"},"inLanguage":"it-IT","potentialAction":[{"@type":"ReadAction","target":["https:\/\/culturaindustria.it\/wordpress\/malteria-tirrena-oggi-s-a-p-l-o\/"]}]},{"@type":"BreadcrumbList","@id":"https:\/\/culturaindustria.it\/wordpress\/malteria-tirrena-oggi-s-a-p-l-o\/#breadcrumb","itemListElement":[{"@type":"ListItem","position":1,"name":"Home","item":"https:\/\/culturaindustria.it\/wordpress\/"},{"@type":"ListItem","position":2,"name":"Malteria SAPLO"}]},{"@type":"WebSite","@id":"https:\/\/culturaindustria.it\/wordpress\/#website","url":"https:\/\/culturaindustria.it\/wordpress\/","name":"Carta della Cultura Industriale","description":"","publisher":{"@id":"https:\/\/culturaindustria.it\/wordpress\/#organization"},"potentialAction":[{"@type":"SearchAction","target":{"@type":"EntryPoint","urlTemplate":"https:\/\/culturaindustria.it\/wordpress\/?s={search_term_string}"},"query-input":"required name=search_term_string"}],"inLanguage":"it-IT"},{"@type":"Organization","@id":"https:\/\/culturaindustria.it\/wordpress\/#organization","name":"Carta della Cultura Industriale","url":"https:\/\/culturaindustria.it\/wordpress\/","logo":{"@type":"ImageObject","inLanguage":"it-IT","@id":"https:\/\/culturaindustria.it\/wordpress\/#\/schema\/logo\/image\/","url":"https:\/\/culturaindustria.it\/wordpress\/wp-content\/uploads\/2023\/01\/CdCi.png","contentUrl":"https:\/\/culturaindustria.it\/wordpress\/wp-content\/uploads\/2023\/01\/CdCi.png","width":475,"height":274,"caption":"Carta della Cultura Industriale"},"image":{"@id":"https:\/\/culturaindustria.it\/wordpress\/#\/schema\/logo\/image\/"}}]}},"jetpack_sharing_enabled":true,"_links":{"self":[{"href":"https:\/\/culturaindustria.it\/wordpress\/wp-json\/wp\/v2\/pages\/1325","targetHints":{"allow":["GET"]}}],"collection":[{"href":"https:\/\/culturaindustria.it\/wordpress\/wp-json\/wp\/v2\/pages"}],"about":[{"href":"https:\/\/culturaindustria.it\/wordpress\/wp-json\/wp\/v2\/types\/page"}],"author":[{"embeddable":true,"href":"https:\/\/culturaindustria.it\/wordpress\/wp-json\/wp\/v2\/users\/1"}],"replies":[{"embeddable":true,"href":"https:\/\/culturaindustria.it\/wordpress\/wp-json\/wp\/v2\/comments?post=1325"}],"version-history":[{"count":3,"href":"https:\/\/culturaindustria.it\/wordpress\/wp-json\/wp\/v2\/pages\/1325\/revisions"}],"predecessor-version":[{"id":1648,"href":"https:\/\/culturaindustria.it\/wordpress\/wp-json\/wp\/v2\/pages\/1325\/revisions\/1648"}],"wp:attachment":[{"href":"https:\/\/culturaindustria.it\/wordpress\/wp-json\/wp\/v2\/media?parent=1325"}],"curies":[{"name":"wp","href":"https:\/\/api.w.org\/{rel}","templated":true}]}}