{"id":547,"date":"2023-07-18T16:25:06","date_gmt":"2023-07-18T14:25:06","guid":{"rendered":"https:\/\/culturaindustria.it\/wordpress\/?page_id=547"},"modified":"2023-12-20T12:34:11","modified_gmt":"2023-12-20T11:34:11","slug":"convegno","status":"publish","type":"page","link":"https:\/\/culturaindustria.it\/wordpress\/convegno\/","title":{"rendered":"Seminario"},"content":{"rendered":"\n<p><strong><u>Seminario internazionale di studi<\/u><\/strong><br><strong><u>CARTA della CULTURA INDUSTRIALE<\/u><\/strong><\/p>\n\n\n\n<p><strong>30 novembre \u2013 1 dicembre 2023<\/strong><br><strong>Archivio Centrale dello Stato, Piazzale degli Archivi 27, Roma<\/strong><br><strong>Universit\u00e0 Roma Tre, Dipartimento di Architettura, Largo G. B. Marzi 10, Roma<\/strong><\/p>\n\n\n\n<p>Il seminario internazionale, curato da Maddalena Scimemi e Marida Talamona, intende promuovere gli esiti del progetto RSI del Centro di eccellenza DTC Lazio \u201c<a href=\"http:\/\/culturaindustria.it\">CdCI \u2013 Carta della Cultura Industriale<\/a>\u201d, dedicato al patrimonio storico documentario e iconografico delle architetture industriali nel Lazio sorte nel Secondo dopoguerra e ancora in funzione.<\/p>\n\n\n\n<p>Concepito in tre sezioni, ciascuna con durata di mezza giornata (30 novembre \u2013 1 dicembre 2023), il seminario vede alternarsi i contributi scientifici di ricercatori degli OdR coinvolti (Universit\u00e0 di Roma Tre; Universit\u00e0 di Roma Tor Vergata; CNR Consiglio Nazionale delle Ricerche) a quelli di studiosi provenienti da realt\u00e0 accademiche italiane e straniere di rilevanza internazionale.<\/p>\n\n\n\n<p>Al termine degli interventi, \u00e8 prevista una quarta sezione dedicata ai prodotti multimediali sperimentali realizzati su due stabilimenti campione del Basso Lazio, appartenenti alle filiere produttive agro-alimentare e chimico-farmaceutica. Essi comprendono gli esiti del lavoro condotto dall\u2019impresa IT Logix di Viterbo, Partner di progetto, specializzata in tecnologie della cultura per la valorizzazione e la fruizione di luoghi culturali non convenzionali; la proiezione di un video documentario realizzato dal regista Davide Maffei e il reportage del fotografo Antonio Di Cecco, oggetto di un\u2019esposizione temporanea allestita per l\u2019occasione presso il padiglione 8 del Dipartimento di Architettura dell\u2019Universit\u00e0 Roma Tre.<\/p>\n\n\n\n<p>Sedi del seminario sono il Dipartimento di Architettura dell\u2019Universit\u00e0 Roma Tre, capofila del progetto \u201cCdCI\u201d, e l\u2019Archivio Centrale dello Stato, l\u2019archivio storico di massima rilevanza nazionale coinvolto nel progetto \u201cCdCI\u201d in qualit\u00e0 di Luogo della Cultura.<\/p>\n\n\n\n<p>I contributi del seminario, incluso l\u2019atlante fotografico di nuova realizzazione, verranno pubblicati nel 2024 in forma di volume miscellaneo con i fondi di Ateneo dell\u2019Universit\u00e0 di Roma Tre.<\/p>\n\n\n\n<div style=\"height:4px\" aria-hidden=\"true\" class=\"wp-block-spacer separatore\"><\/div>\n\n\n\n<figure class=\"wp-block-gallery has-nested-images columns-default is-cropped wp-block-gallery-1 is-layout-flex wp-block-gallery-is-layout-flex\">\n<figure class=\"wp-block-image size-full\"><a href=\"https:\/\/culturaindustria.it\/wordpress\/wp-content\/uploads\/2023\/12\/Locandina-Def-Def.jpg\"><img loading=\"lazy\" decoding=\"async\" width=\"1134\" height=\"2041\" data-attachment-id=\"1603\" data-permalink=\"https:\/\/culturaindustria.it\/wordpress\/convegno\/locandina-def-def\/\" data-orig-file=\"https:\/\/culturaindustria.it\/wordpress\/wp-content\/uploads\/2023\/12\/Locandina-Def-Def.jpg\" data-orig-size=\"1134,2041\" data-comments-opened=\"0\" data-image-meta=\"{&quot;aperture&quot;:&quot;0&quot;,&quot;credit&quot;:&quot;&quot;,&quot;camera&quot;:&quot;&quot;,&quot;caption&quot;:&quot;&quot;,&quot;created_timestamp&quot;:&quot;0&quot;,&quot;copyright&quot;:&quot;&quot;,&quot;focal_length&quot;:&quot;0&quot;,&quot;iso&quot;:&quot;0&quot;,&quot;shutter_speed&quot;:&quot;0&quot;,&quot;title&quot;:&quot;&quot;,&quot;orientation&quot;:&quot;0&quot;}\" data-image-title=\"Locandina seminario Carta della Cultura Industriale\" data-image-description=\"&lt;p&gt;Locandina seminario Carta della Cultura Industriale&lt;\/p&gt;\n\" data-image-caption=\"&lt;p&gt;Locandina seminario Carta della Cultura Industriale&lt;\/p&gt;\n\" data-medium-file=\"https:\/\/culturaindustria.it\/wordpress\/wp-content\/uploads\/2023\/12\/Locandina-Def-Def-167x300.jpg\" data-large-file=\"https:\/\/culturaindustria.it\/wordpress\/wp-content\/uploads\/2023\/12\/Locandina-Def-Def-569x1024.jpg\" data-id=\"1603\" src=\"https:\/\/culturaindustria.it\/wordpress\/wp-content\/uploads\/2023\/12\/Locandina-Def-Def.jpg\" alt=\"Locandina seminario Carta della Cultura Industriale\" class=\"wp-image-1603\" srcset=\"https:\/\/culturaindustria.it\/wordpress\/wp-content\/uploads\/2023\/12\/Locandina-Def-Def.jpg 1134w, https:\/\/culturaindustria.it\/wordpress\/wp-content\/uploads\/2023\/12\/Locandina-Def-Def-167x300.jpg 167w, https:\/\/culturaindustria.it\/wordpress\/wp-content\/uploads\/2023\/12\/Locandina-Def-Def-569x1024.jpg 569w, https:\/\/culturaindustria.it\/wordpress\/wp-content\/uploads\/2023\/12\/Locandina-Def-Def-768x1382.jpg 768w, https:\/\/culturaindustria.it\/wordpress\/wp-content\/uploads\/2023\/12\/Locandina-Def-Def-853x1536.jpg 853w\" sizes=\"auto, (max-width: 1134px) 100vw, 1134px\" \/><\/a><figcaption class=\"wp-element-caption\">Locandina seminario Carta della Cultura Industriale<\/figcaption><\/figure>\n<\/figure>\n\n\n\n<div style=\"height:4px\" aria-hidden=\"true\" class=\"wp-block-spacer separatore\"><\/div>\n\n\n\n<p class=\"has-extra-large-font-size\"><strong>Programma<\/strong><\/p>\n\n\n\n<div style=\"height:5px\" aria-hidden=\"true\" class=\"wp-block-spacer\"><\/div>\n\n\n\n<p><strong>Gioved\u00ec 30 novembre 2023<\/strong><\/p>\n\n\n\n<p>Archivio Centrale dello Stato | Piazzale degli Archivi 27, Roma<\/p>\n\n\n\n<p>h 9:30 &#8211; 12:30 | modera <a href=\"https:\/\/culturaindustria.it\/wordpress\/ispc-cnr\/#porfyriou\">Heleni Porfyriou<\/a> (CNR \/ ISPC)<\/p>\n\n\n\n<p><em>&nbsp;&nbsp;&nbsp;&nbsp;&nbsp;&nbsp;&nbsp;&nbsp;&nbsp;Saluti<\/em> (Archivio Centrale dello Stato)<\/p>\n\n\n\n<ul class=\"wp-block-list\">\n<li><a href=\"https:\/\/culturaindustria.it\/wordpress\/roma3\/#talamona\">Marida Talamona<\/a> (Roma Tre \/ DARC)<br><em>Cultura industriale e Architettura<\/em><\/li>\n\n\n\n<li>Roberta Grignolo (Accademia di Architettura, Mendrisio &#8211; Universit\u00e0 della Svizzera Italiana)<br><em>Marco Zanuso architetto per l&#8217;industria. Tra prefabbricazione e integrazione impiantistica.<\/em><\/li>\n<\/ul>\n\n\n\n<ul class=\"wp-block-list\">\n<li>Pietro Cesari (Max-Planck Institute for Legal History and Legal Theory, Francoforte sul Meno)<br><em>La moderna corporation e il processo come progetto. Riflessioni su una catalogazione industriale alternativa<\/em>.<\/li>\n\n\n\n<li><a href=\"https:\/\/culturaindustria.it\/wordpress\/roma3\/#talamona\">Marida Talamona<\/a>, Federica Causarano (Roma Tre \/ IUAV &#8211; Fondation Le Corbusier)<br><em>L&#8217;usine Duval&nbsp;di Le Corbusier a Saint-Di\u00e9-des-Vosges.<\/em><\/li>\n<\/ul>\n\n\n\n<p><em>&nbsp;&nbsp;&nbsp;&nbsp;&nbsp;&nbsp;&nbsp;&nbsp;&nbsp;Discussione<\/em><\/p>\n\n\n\n<p>h 14:30 &#8211; 17:30 | modera <a href=\"https:\/\/culturaindustria.it\/wordpress\/roma3\/#palmieri\">Valerio Palmieri<\/a> (Roma Tre \/ DARC)<\/p>\n\n\n\n<ul class=\"wp-block-list\">\n<li><a href=\"https:\/\/culturaindustria.it\/wordpress\/ispc-cnr\/#rattovaquer\">Olimpia Ratto Vaquer<\/a> (CNR \/ ISPC)<br><em>Il contesto del Lazio<\/em><\/li>\n\n\n\n<li><a href=\"https:\/\/culturaindustria.it\/wordpress\/roma3\/#aureli\">Giorgia Aureli<\/a> (Roma Tre \/ DARC)<br><em>Lo stabilimento ex Pfizer di Latina<\/em><\/li>\n<\/ul>\n\n\n\n<ul class=\"wp-block-list\">\n<li><a href=\"https:\/\/culturaindustria.it\/wordpress\/roma3\/#coppo\">Alberto Coppo<\/a> (Roma Tre \/ DARC)<br><em>La malteria Tirrena \/ SAPLO di Pomezia<\/em><\/li>\n\n\n\n<li>Daniela Brignone (Archivio Storico Peroni, Roma)<br><em>La memoria e il futuro dell\u2019orzo da birra italiano nell\u2019Archivio Storico Birra Peroni<\/em><\/li>\n<\/ul>\n\n\n\n<p><em>&nbsp;&nbsp;&nbsp;&nbsp;&nbsp;&nbsp;&nbsp;&nbsp;&nbsp;Discussione<\/em><\/p>\n\n\n\n<div style=\"height:5px\" aria-hidden=\"true\" class=\"wp-block-spacer\"><\/div>\n\n\n\n<div style=\"height:6px\" aria-hidden=\"true\" class=\"wp-block-spacer\"><\/div>\n\n\n\n<p><strong>Venerd\u00ec 1 dicembre 2023<\/strong><\/p>\n\n\n\n<p>Roma Tre, Dipartimento di Architettura | Largo G. B. Marzi 10, Roma<\/p>\n\n\n\n<p>h 9:30-12:30 | modera <a href=\"https:\/\/culturaindustria.it\/wordpress\/roma3\/#scimemi\">Maddalena Scimemi<\/a> (Roma Tre \/ DARC)<\/p>\n\n\n\n<ul class=\"wp-block-list\">\n<li><a href=\"https:\/\/culturaindustria.it\/wordpress\/tor-vergata\/#iori\">Tullia Iori<\/a>, <a href=\"https:\/\/culturaindustria.it\/wordpress\/tor-vergata\/#capurso\">Gianluca Capurso<\/a> (Roma Tor Vergata \/ DICII)<br><em>Design strutturale per le fabbriche del dopoguerra italiano<\/em><\/li>\n\n\n\n<li><a href=\"https:\/\/culturaindustria.it\/wordpress\/tor-vergata\/#grieco\">Lorenzo Grieco<\/a>, <a href=\"https:\/\/culturaindustria.it\/wordpress\/tor-vergata\/#capurso\">Gianluca Capurso<\/a> (Tor Vergata \/ DICII)<br><em>Ingegneria come linguaggio: strutture per la&nbsp;produzione nel Lazio<\/em><\/li>\n<\/ul>\n\n\n\n<ul class=\"wp-block-list\">\n<li>Roberta Folgiero (Roma Tre \/ DARC)<br><em>Il Centre National des Industries et des Techniques &#8211; CNIT di Parigi<\/em><\/li>\n\n\n\n<li>Francesca Castan\u00f2 (Aversa, Universit\u00e0 degli studi della Campania Luigi Vanvitelli)<br><em>Dalla Cassa per il Mezzogiorno alla post industria. Le fabbriche d&#8217;Autore in Campania<\/em><\/li>\n<\/ul>\n\n\n\n<p><em>&nbsp;&nbsp;&nbsp;&nbsp;&nbsp;&nbsp;&nbsp;&nbsp;&nbsp;Discussione<\/em><\/p>\n\n\n\n<p>h 14:30-17:30 | modera <a href=\"https:\/\/culturaindustria.it\/wordpress\/roma3\/#scimemi\">Maddalena Scimemi<\/a> (Roma Tre \/ DARC)<\/p>\n\n\n\n<ul class=\"wp-block-list\">\n<li><a href=\"https:\/\/culturaindustria.it\/wordpress\/itlogix\/\">Andrea Taurchini, Francesco Meloni<\/a> (ITLogix, Viterbo)<br><em>Presentazione piattaforma e website CdCI<\/em><\/li>\n\n\n\n<li><a href=\"https:\/\/culturaindustria.it\/wordpress\/modelli-3d\/#tripodo\">Antonio Tripodo<\/a> (Roma Tre \/ DARC)<br><em>Presentazione modelli digitali<\/em><\/li>\n\n\n\n<li><a href=\"https:\/\/culturaindustria.it\/wordpress\/documentario-video\/#maffei\">Davide Maffei<\/a><br><em>Proiezione video-documentario &#8216;Breve ritratto di due industrie&#8217;, dedicato al Lazio industriale<\/em><\/li>\n<\/ul>\n\n\n\n<p><em>&nbsp;&nbsp;&nbsp;&nbsp;&nbsp;&nbsp;&nbsp;&nbsp;&nbsp;Conclusione lavori<\/em><\/p>\n\n\n\n<p>h 18:00 | mostra fotografica di <a href=\"https:\/\/culturaindustria.it\/wordpress\/nuova-campagna-fotografica\/#dicecco\">Antonio Di Cecco<\/a><br>Inaugurazione presso il padiglione 8<\/p>\n","protected":false},"excerpt":{"rendered":"<p>Seminario internazionale di studiCARTA della CULTURA INDUSTRIALE 30 novembre \u2013 1 dicembre 2023Archivio Centrale dello Stato, Piazzale degli Archivi 27, RomaUniversit\u00e0 Roma Tre, Dipartimento di Architettura, Largo G. B. Marzi 10, Roma Il seminario internazionale, curato da Maddalena Scimemi e Marida Talamona, intende promuovere gli esiti del progetto RSI del Centro di eccellenza DTC Lazio&hellip; <a class=\"more-link\" href=\"https:\/\/culturaindustria.it\/wordpress\/convegno\/\">Continua a leggere <span class=\"screen-reader-text\">Seminario<\/span><\/a><\/p>\n","protected":false},"author":1,"featured_media":0,"parent":0,"menu_order":0,"comment_status":"closed","ping_status":"closed","template":"","meta":{"footnotes":""},"class_list":["post-547","page","type-page","status-publish","hentry","entry"],"acf":{"id":8},"yoast_head":"<!-- This site is optimized with the Yoast SEO plugin v20.0 - https:\/\/yoast.com\/wordpress\/plugins\/seo\/ -->\n<title>Seminario - Carta della Cultura Industriale<\/title>\n<meta name=\"robots\" content=\"index, follow, max-snippet:-1, max-image-preview:large, max-video-preview:-1\" \/>\n<link rel=\"canonical\" href=\"https:\/\/culturaindustria.it\/wordpress\/convegno\/\" \/>\n<meta property=\"og:locale\" content=\"it_IT\" \/>\n<meta property=\"og:type\" content=\"article\" \/>\n<meta property=\"og:title\" content=\"Seminario - Carta della Cultura Industriale\" \/>\n<meta property=\"og:description\" content=\"Seminario internazionale di studiCARTA della CULTURA INDUSTRIALE 30 novembre \u2013 1 dicembre 2023Archivio Centrale dello Stato, Piazzale degli Archivi 27, RomaUniversit\u00e0 Roma Tre, Dipartimento di Architettura, Largo G. B. Marzi 10, Roma Il seminario internazionale, curato da Maddalena Scimemi e Marida Talamona, intende promuovere gli esiti del progetto RSI del Centro di eccellenza DTC Lazio&hellip; Continua a leggere Seminario\" \/>\n<meta property=\"og:url\" content=\"https:\/\/culturaindustria.it\/wordpress\/convegno\/\" \/>\n<meta property=\"og:site_name\" content=\"Carta della Cultura Industriale\" \/>\n<meta property=\"article:modified_time\" content=\"2023-12-20T11:34:11+00:00\" \/>\n<meta property=\"og:image\" content=\"https:\/\/culturaindustria.it\/wordpress\/wp-content\/uploads\/2023\/12\/Locandina-Def-Def.jpg\" \/>\n<meta name=\"twitter:card\" content=\"summary_large_image\" \/>\n<meta name=\"twitter:label1\" content=\"Tempo di lettura stimato\" \/>\n\t<meta name=\"twitter:data1\" content=\"3 minuti\" \/>\n<script type=\"application\/ld+json\" class=\"yoast-schema-graph\">{\"@context\":\"https:\/\/schema.org\",\"@graph\":[{\"@type\":\"WebPage\",\"@id\":\"https:\/\/culturaindustria.it\/wordpress\/convegno\/\",\"url\":\"https:\/\/culturaindustria.it\/wordpress\/convegno\/\",\"name\":\"Seminario - Carta della Cultura Industriale\",\"isPartOf\":{\"@id\":\"https:\/\/culturaindustria.it\/wordpress\/#website\"},\"datePublished\":\"2023-07-18T14:25:06+00:00\",\"dateModified\":\"2023-12-20T11:34:11+00:00\",\"breadcrumb\":{\"@id\":\"https:\/\/culturaindustria.it\/wordpress\/convegno\/#breadcrumb\"},\"inLanguage\":\"it-IT\",\"potentialAction\":[{\"@type\":\"ReadAction\",\"target\":[\"https:\/\/culturaindustria.it\/wordpress\/convegno\/\"]}]},{\"@type\":\"BreadcrumbList\",\"@id\":\"https:\/\/culturaindustria.it\/wordpress\/convegno\/#breadcrumb\",\"itemListElement\":[{\"@type\":\"ListItem\",\"position\":1,\"name\":\"Home\",\"item\":\"https:\/\/culturaindustria.it\/wordpress\/\"},{\"@type\":\"ListItem\",\"position\":2,\"name\":\"Seminario\"}]},{\"@type\":\"WebSite\",\"@id\":\"https:\/\/culturaindustria.it\/wordpress\/#website\",\"url\":\"https:\/\/culturaindustria.it\/wordpress\/\",\"name\":\"Carta della Cultura Industriale\",\"description\":\"\",\"publisher\":{\"@id\":\"https:\/\/culturaindustria.it\/wordpress\/#organization\"},\"potentialAction\":[{\"@type\":\"SearchAction\",\"target\":{\"@type\":\"EntryPoint\",\"urlTemplate\":\"https:\/\/culturaindustria.it\/wordpress\/?s={search_term_string}\"},\"query-input\":\"required name=search_term_string\"}],\"inLanguage\":\"it-IT\"},{\"@type\":\"Organization\",\"@id\":\"https:\/\/culturaindustria.it\/wordpress\/#organization\",\"name\":\"Carta della Cultura Industriale\",\"url\":\"https:\/\/culturaindustria.it\/wordpress\/\",\"logo\":{\"@type\":\"ImageObject\",\"inLanguage\":\"it-IT\",\"@id\":\"https:\/\/culturaindustria.it\/wordpress\/#\/schema\/logo\/image\/\",\"url\":\"https:\/\/culturaindustria.it\/wordpress\/wp-content\/uploads\/2023\/01\/CdCi.png\",\"contentUrl\":\"https:\/\/culturaindustria.it\/wordpress\/wp-content\/uploads\/2023\/01\/CdCi.png\",\"width\":475,\"height\":274,\"caption\":\"Carta della Cultura Industriale\"},\"image\":{\"@id\":\"https:\/\/culturaindustria.it\/wordpress\/#\/schema\/logo\/image\/\"}}]}<\/script>\n<!-- \/ Yoast SEO plugin. -->","yoast_head_json":{"title":"Seminario - Carta della Cultura Industriale","robots":{"index":"index","follow":"follow","max-snippet":"max-snippet:-1","max-image-preview":"max-image-preview:large","max-video-preview":"max-video-preview:-1"},"canonical":"https:\/\/culturaindustria.it\/wordpress\/convegno\/","og_locale":"it_IT","og_type":"article","og_title":"Seminario - Carta della Cultura Industriale","og_description":"Seminario internazionale di studiCARTA della CULTURA INDUSTRIALE 30 novembre \u2013 1 dicembre 2023Archivio Centrale dello Stato, Piazzale degli Archivi 27, RomaUniversit\u00e0 Roma Tre, Dipartimento di Architettura, Largo G. B. Marzi 10, Roma Il seminario internazionale, curato da Maddalena Scimemi e Marida Talamona, intende promuovere gli esiti del progetto RSI del Centro di eccellenza DTC Lazio&hellip; Continua a leggere Seminario","og_url":"https:\/\/culturaindustria.it\/wordpress\/convegno\/","og_site_name":"Carta della Cultura Industriale","article_modified_time":"2023-12-20T11:34:11+00:00","og_image":[{"url":"https:\/\/culturaindustria.it\/wordpress\/wp-content\/uploads\/2023\/12\/Locandina-Def-Def.jpg"}],"twitter_card":"summary_large_image","twitter_misc":{"Tempo di lettura stimato":"3 minuti"},"schema":{"@context":"https:\/\/schema.org","@graph":[{"@type":"WebPage","@id":"https:\/\/culturaindustria.it\/wordpress\/convegno\/","url":"https:\/\/culturaindustria.it\/wordpress\/convegno\/","name":"Seminario - Carta della Cultura Industriale","isPartOf":{"@id":"https:\/\/culturaindustria.it\/wordpress\/#website"},"datePublished":"2023-07-18T14:25:06+00:00","dateModified":"2023-12-20T11:34:11+00:00","breadcrumb":{"@id":"https:\/\/culturaindustria.it\/wordpress\/convegno\/#breadcrumb"},"inLanguage":"it-IT","potentialAction":[{"@type":"ReadAction","target":["https:\/\/culturaindustria.it\/wordpress\/convegno\/"]}]},{"@type":"BreadcrumbList","@id":"https:\/\/culturaindustria.it\/wordpress\/convegno\/#breadcrumb","itemListElement":[{"@type":"ListItem","position":1,"name":"Home","item":"https:\/\/culturaindustria.it\/wordpress\/"},{"@type":"ListItem","position":2,"name":"Seminario"}]},{"@type":"WebSite","@id":"https:\/\/culturaindustria.it\/wordpress\/#website","url":"https:\/\/culturaindustria.it\/wordpress\/","name":"Carta della Cultura Industriale","description":"","publisher":{"@id":"https:\/\/culturaindustria.it\/wordpress\/#organization"},"potentialAction":[{"@type":"SearchAction","target":{"@type":"EntryPoint","urlTemplate":"https:\/\/culturaindustria.it\/wordpress\/?s={search_term_string}"},"query-input":"required name=search_term_string"}],"inLanguage":"it-IT"},{"@type":"Organization","@id":"https:\/\/culturaindustria.it\/wordpress\/#organization","name":"Carta della Cultura Industriale","url":"https:\/\/culturaindustria.it\/wordpress\/","logo":{"@type":"ImageObject","inLanguage":"it-IT","@id":"https:\/\/culturaindustria.it\/wordpress\/#\/schema\/logo\/image\/","url":"https:\/\/culturaindustria.it\/wordpress\/wp-content\/uploads\/2023\/01\/CdCi.png","contentUrl":"https:\/\/culturaindustria.it\/wordpress\/wp-content\/uploads\/2023\/01\/CdCi.png","width":475,"height":274,"caption":"Carta della Cultura Industriale"},"image":{"@id":"https:\/\/culturaindustria.it\/wordpress\/#\/schema\/logo\/image\/"}}]}},"jetpack_sharing_enabled":true,"_links":{"self":[{"href":"https:\/\/culturaindustria.it\/wordpress\/wp-json\/wp\/v2\/pages\/547","targetHints":{"allow":["GET"]}}],"collection":[{"href":"https:\/\/culturaindustria.it\/wordpress\/wp-json\/wp\/v2\/pages"}],"about":[{"href":"https:\/\/culturaindustria.it\/wordpress\/wp-json\/wp\/v2\/types\/page"}],"author":[{"embeddable":true,"href":"https:\/\/culturaindustria.it\/wordpress\/wp-json\/wp\/v2\/users\/1"}],"replies":[{"embeddable":true,"href":"https:\/\/culturaindustria.it\/wordpress\/wp-json\/wp\/v2\/comments?post=547"}],"version-history":[{"count":20,"href":"https:\/\/culturaindustria.it\/wordpress\/wp-json\/wp\/v2\/pages\/547\/revisions"}],"predecessor-version":[{"id":1716,"href":"https:\/\/culturaindustria.it\/wordpress\/wp-json\/wp\/v2\/pages\/547\/revisions\/1716"}],"wp:attachment":[{"href":"https:\/\/culturaindustria.it\/wordpress\/wp-json\/wp\/v2\/media?parent=547"}],"curies":[{"name":"wp","href":"https:\/\/api.w.org\/{rel}","templated":true}]}}