{"id":555,"date":"2023-07-18T16:26:26","date_gmt":"2023-07-18T14:26:26","guid":{"rendered":"https:\/\/culturaindustria.it\/wordpress\/?page_id=555"},"modified":"2023-12-21T10:57:22","modified_gmt":"2023-12-21T09:57:22","slug":"ispc-cnr","status":"publish","type":"page","link":"https:\/\/culturaindustria.it\/wordpress\/ispc-cnr\/","title":{"rendered":"ISPC CNR"},"content":{"rendered":"\n<p>Il&nbsp;<strong><a href=\"https:\/\/www.cnr.it\">Consiglio Nazionale delle Ricerche CNR<\/a>&nbsp;<\/strong>\u00e8 coinvolto tramite <strong>l\u2019<\/strong><a href=\"https:\/\/www.ispc.cnr.it\/\"><strong>Istituto di Scienze del Patrimonio Culturale<\/strong>&nbsp;<strong>ISPC<\/strong><\/a> la cui missione \u00e8 quella di perseguire l\u2019eccellenza scientifica e favorire l\u2019innovazione nella&nbsp;conoscenza, conservazione e valorizzazione dei beni culturali&nbsp;attraverso ricerche collaborative che&nbsp;coinvolgono&nbsp;discipline umanistiche, scienze sperimentali e applicazioni tecnologiche.<\/p>\n\n\n\n<p>Con oltre 180 ricercatori, tecnologi e tecnici di varie discipline e una forte propensione all\u2019interdisciplinariet\u00e0,&nbsp;ISPC \u00e8 l\u2019<em>hub<\/em>&nbsp;del CNR&nbsp;per la ricerca, l\u2019innovazione, la formazione e il trasferimento tecnologico dell\u2019area strategica Beni Culturali, aperto alla collaborazione in reti di competenza nazionali ed internazionali.<\/p>\n\n\n\n<p>All\u2019interno dell\u2019ISPC il <strong><a href=\"https:\/\/www.ispc.cnr.it\/en\/2021\/09\/03\/cpc-group-citta-e-patrimonio-culturale\/\">Gruppo Citt\u00e0 e Patrimonio Culturale<\/a><\/strong> di cui responsabile \u00e8 <strong><a href=\"#porfyriou\">Heleni Porfyriou<\/a><\/strong> con un approccio olistico a 360 gradi \u2013 che parte dal bene culturale singolo, visto nei suoi significati e nella sua materialit\u00e0, a quello paesaggistico, dalla realt\u00e0 economico-sociale a quella culturale e dalle esigenze del residente e del visitatore a quelle delle autorit\u00e0 locali \u2013&nbsp;propone soluzioni appropriate, sostenibili, inclusive e innovative&nbsp;per i diversi progetti, avendo al suo interno tutte le competenze necessarie. La sua specificit\u00e0 risiede nell\u2019aver individuato nella relazione fra&nbsp;citt\u00e0 e patrimonio culturale&nbsp;il catalizzatore e l\u2019elemento di sintesi delle diverse competenze (conoscitive, diagnostiche, conservative, di monitoraggio e valorizzazione) e delle diverse aree disciplinari che l\u2019ISPC raccoglie e rappresenta. La sua progettualit\u00e0 non riguarda solo l\u2019Italia ma il patrimonio culturale e gli insediamenti storici in tutto il mondo, dal Mediterraneo alla Cina, come gi\u00e0 molti progetti dei ricercatori che lo compongono chiaramente evidenziano.<\/p>\n\n\n\n<div style=\"height:4px\" aria-hidden=\"true\" class=\"wp-block-spacer separatore\"><\/div>\n\n\n\n<div class=\"wp-block-columns bordo is-layout-flex wp-container-core-columns-is-layout-9d6595d7 wp-block-columns-is-layout-flex\" id=\"porfyriou\">\n<div class=\"wp-block-column is-layout-flow wp-block-column-is-layout-flow\" style=\"padding-top:var(--wp--preset--spacing--30);flex-basis:33.33%\">\n<figure class=\"wp-block-image size-full is-resized\"><img loading=\"lazy\" decoding=\"async\" width=\"225\" height=\"225\" data-attachment-id=\"1000\" data-permalink=\"https:\/\/culturaindustria.it\/wordpress\/ispc-cnr\/porfyriou\/\" data-orig-file=\"https:\/\/culturaindustria.it\/wordpress\/wp-content\/uploads\/2023\/10\/Porfyriou.jpg\" data-orig-size=\"225,225\" data-comments-opened=\"0\" data-image-meta=\"{&quot;aperture&quot;:&quot;0&quot;,&quot;credit&quot;:&quot;&quot;,&quot;camera&quot;:&quot;&quot;,&quot;caption&quot;:&quot;&quot;,&quot;created_timestamp&quot;:&quot;0&quot;,&quot;copyright&quot;:&quot;&quot;,&quot;focal_length&quot;:&quot;0&quot;,&quot;iso&quot;:&quot;0&quot;,&quot;shutter_speed&quot;:&quot;0&quot;,&quot;title&quot;:&quot;&quot;,&quot;orientation&quot;:&quot;0&quot;}\" data-image-title=\"Porfyriou\" data-image-description=\"\" data-image-caption=\"\" data-medium-file=\"https:\/\/culturaindustria.it\/wordpress\/wp-content\/uploads\/2023\/10\/Porfyriou.jpg\" data-large-file=\"https:\/\/culturaindustria.it\/wordpress\/wp-content\/uploads\/2023\/10\/Porfyriou.jpg\" src=\"https:\/\/culturaindustria.it\/wordpress\/wp-content\/uploads\/2023\/10\/Porfyriou.jpg\" alt=\"\" class=\"wp-image-1000\" style=\"aspect-ratio:1;object-fit:cover;width:auto;height:212px\" srcset=\"https:\/\/culturaindustria.it\/wordpress\/wp-content\/uploads\/2023\/10\/Porfyriou.jpg 225w, https:\/\/culturaindustria.it\/wordpress\/wp-content\/uploads\/2023\/10\/Porfyriou-150x150.jpg 150w\" sizes=\"auto, (max-width: 225px) 100vw, 225px\" \/><\/figure>\n<\/div>\n\n\n\n<div class=\"wp-block-column is-layout-flow wp-block-column-is-layout-flow\" style=\"flex-basis:66.66%\">\n<p><strong><a href=\"https:\/\/publications.cnr.it\/authors\/heleni.porfyriou\">HELENI \u00a0PORFYRIOU<\/a><\/strong> \u00a0(CNR) \u00a0rilevante \u00a0per il WP1, WP2, WP3. \u00a0Si occupa di storia, conservazione e valorizzazione urbana. Primo Ricercatore del Consiglio Nazionale delle Ricerche-CNR (dal 1999), attualmente lavora presso l&#8217;Istituto di Scienza del Patrimonio \u2013 ISPC del CNR.\u00a0Ha insegnato Storia dell&#8217;Urbanistica presso l&#8217;Universit\u00e0 di Roma \u201cLa Sapienza\u201d (2000-2006). \u00c8 stata responsabile dell&#8217;Unit\u00e0 di Roma del CNR-Istituto ICVBC (2006-2017), visiting fellow della Columbia University-NY (2018, 2022), e visiting professor delle Universit\u00e0 di Pechino e Xian, nell&#8217;ambito del 7\u00b0 progetto finanziato dall&#8217;Unione Europea su \u201cPlanning, Urban Management and Heritage\u201d (2012-2016). Ha coordinato progetti bilaterali con l&#8217;Accademia Cinese dei Beni Culturali (2016-2022) e ha collaborato con il WHITRAP-UNESCO eXiamen University, rispettivamente dal 2014 e dal 2019. Nel 2020 ha fondato la rete globale\u00a0<em><a href=\"https:\/\/gudesign.org\/\">Genealogy of Urban Design \u2013 GUDesign network<\/a><\/em><a href=\"https:\/\/eur01.safelinks.protection.outlook.com\/?url=https%3A%2F%2Fgudesign.org%2F&amp;data=05%7C01%7C%7C90ff4741f68147d5d99f08dbcf3f1097%7Cffb4df68f464458ca54600fb3af66f6a%7C0%7C0%7C638331641998183034%7CUnknown%7CTWFpbGZsb3d8eyJWIjoiMC4wLjAwMDAiLCJQIjoiV2luMzIiLCJBTiI6Ik1haWwiLCJXVCI6Mn0%3D%7C3000%7C%7C%7C&amp;sdata=j2oczl9Hp%2Bp2OtUm%2B2Qc6yFrrrClLy690caPIdIqUiE%3D&amp;reserved=0\" target=\"_blank\" rel=\"noreferrer noopener\">.<\/a> Fra le sue recenti pubblicazioni: H. Porfyriou &#8211; G. Zucconi (eds),\u00a0The art of preserving and building cities in Italy\u00a0(1860\u20131930): legacies and actors, &#8220;Planning Perspectives&#8221; 37, no.3 (2022); M. Folin, H. Porfyriou (eds),\u00a0Heritage and Divided Memories from the Nineteenth\u00a0Through the Twentieth Centuries.\u00a0Multi-Ethnic Cities in the Mediterranean World,\u00a0Volume 2, (London-NY: Routledge 2020).<\/p>\n<\/div>\n<\/div>\n\n\n\n<div class=\"wp-block-columns bordo is-layout-flex wp-container-core-columns-is-layout-9d6595d7 wp-block-columns-is-layout-flex\" id=\"rattovaquer\">\n<div class=\"wp-block-column is-layout-flow wp-block-column-is-layout-flow\" style=\"padding-top:var(--wp--preset--spacing--30);flex-basis:33.33%\">\n<figure class=\"wp-block-image size-medium is-resized\"><img loading=\"lazy\" decoding=\"async\" width=\"300\" height=\"300\" data-attachment-id=\"1001\" data-permalink=\"https:\/\/culturaindustria.it\/wordpress\/ispc-cnr\/ratto-vaquer\/\" data-orig-file=\"https:\/\/culturaindustria.it\/wordpress\/wp-content\/uploads\/2023\/10\/ratto-vaquer.png\" data-orig-size=\"1000,1000\" data-comments-opened=\"0\" data-image-meta=\"{&quot;aperture&quot;:&quot;0&quot;,&quot;credit&quot;:&quot;&quot;,&quot;camera&quot;:&quot;&quot;,&quot;caption&quot;:&quot;&quot;,&quot;created_timestamp&quot;:&quot;0&quot;,&quot;copyright&quot;:&quot;&quot;,&quot;focal_length&quot;:&quot;0&quot;,&quot;iso&quot;:&quot;0&quot;,&quot;shutter_speed&quot;:&quot;0&quot;,&quot;title&quot;:&quot;&quot;,&quot;orientation&quot;:&quot;0&quot;}\" data-image-title=\"ratto vaquer\" data-image-description=\"\" data-image-caption=\"\" data-medium-file=\"https:\/\/culturaindustria.it\/wordpress\/wp-content\/uploads\/2023\/10\/ratto-vaquer-300x300.png\" data-large-file=\"https:\/\/culturaindustria.it\/wordpress\/wp-content\/uploads\/2023\/10\/ratto-vaquer.png\" src=\"https:\/\/culturaindustria.it\/wordpress\/wp-content\/uploads\/2023\/10\/ratto-vaquer-300x300.png\" alt=\"\" class=\"wp-image-1001\" style=\"aspect-ratio:1;object-fit:cover;width:auto;height:212px\" srcset=\"https:\/\/culturaindustria.it\/wordpress\/wp-content\/uploads\/2023\/10\/ratto-vaquer-300x300.png 300w, https:\/\/culturaindustria.it\/wordpress\/wp-content\/uploads\/2023\/10\/ratto-vaquer-150x150.png 150w, https:\/\/culturaindustria.it\/wordpress\/wp-content\/uploads\/2023\/10\/ratto-vaquer-768x768.png 768w, https:\/\/culturaindustria.it\/wordpress\/wp-content\/uploads\/2023\/10\/ratto-vaquer.png 1000w\" sizes=\"auto, (max-width: 300px) 100vw, 300px\" \/><\/figure>\n<\/div>\n\n\n\n<div class=\"wp-block-column is-layout-flow wp-block-column-is-layout-flow\" style=\"flex-basis:66.66%\">\n<p><strong><a href=\"https:\/\/cnr-it.academia.edu\/OlimpiaRattoVaquer\">OLIMPIA RATTO VAQUER<\/a><\/strong>, Dottoressa di ricerca in Storia dell\u2019Arte (\u00e9cole pratique des hautes \u00e9tudes-Paris) e in Storia dell\u2019Architettura (Universit\u00e0 degli Studi di Firenze), si occupa della ricerca sui temi della storia dell\u2019architettura e della decorazione architettonica, dopo una laurea in Archeologia Classica (Universit\u00e0 dell\u2019Orientale di Napoli) e in Scienze dell\u2019Architettura (Universit\u00e0 degli Studi di Roma Tre). I suoi studi spaziano dall\u2019architettura dell\u2019antichit\u00e0 classica al Rinascimento, dal Neoclassico a quella del Ottocento. Per il progetto \u201cCdCI \u2013 Carta della cultura industriale\u201d ha compiuto ricerche sul contesto urbanistico in cui sorgono gli stabilimenti Aenova e Saplo, contestualizzate all\u2019interno del territorio laziale e dell\u2019Agro Pontino, con studi sulla cartografia storica e attuale.<\/p>\n<\/div>\n<\/div>\n\n\n\n<p><\/p>\n","protected":false},"excerpt":{"rendered":"<p>Il&nbsp;Consiglio Nazionale delle Ricerche CNR&nbsp;\u00e8 coinvolto tramite l\u2019Istituto di Scienze del Patrimonio Culturale&nbsp;ISPC la cui missione \u00e8 quella di perseguire l\u2019eccellenza scientifica e favorire l\u2019innovazione nella&nbsp;conoscenza, conservazione e valorizzazione dei beni culturali&nbsp;attraverso ricerche collaborative che&nbsp;coinvolgono&nbsp;discipline umanistiche, scienze sperimentali e applicazioni tecnologiche. Con oltre 180 ricercatori, tecnologi e tecnici di varie discipline e una forte propensione&hellip; <a class=\"more-link\" href=\"https:\/\/culturaindustria.it\/wordpress\/ispc-cnr\/\">Continua a leggere <span class=\"screen-reader-text\">ISPC CNR<\/span><\/a><\/p>\n","protected":false},"author":1,"featured_media":0,"parent":0,"menu_order":0,"comment_status":"closed","ping_status":"closed","template":"","meta":{"footnotes":""},"class_list":["post-555","page","type-page","status-publish","hentry","entry"],"acf":{"id":8},"yoast_head":"<!-- This site is optimized with the Yoast SEO plugin v20.0 - https:\/\/yoast.com\/wordpress\/plugins\/seo\/ -->\n<title>ISPC CNR - Carta della Cultura Industriale<\/title>\n<meta name=\"robots\" content=\"index, follow, max-snippet:-1, max-image-preview:large, max-video-preview:-1\" \/>\n<link rel=\"canonical\" href=\"https:\/\/culturaindustria.it\/wordpress\/ispc-cnr\/\" \/>\n<meta property=\"og:locale\" content=\"it_IT\" \/>\n<meta property=\"og:type\" content=\"article\" \/>\n<meta property=\"og:title\" content=\"ISPC CNR - Carta della Cultura Industriale\" \/>\n<meta property=\"og:description\" content=\"Il&nbsp;Consiglio Nazionale delle Ricerche CNR&nbsp;\u00e8 coinvolto tramite l\u2019Istituto di Scienze del Patrimonio Culturale&nbsp;ISPC la cui missione \u00e8 quella di perseguire l\u2019eccellenza scientifica e favorire l\u2019innovazione nella&nbsp;conoscenza, conservazione e valorizzazione dei beni culturali&nbsp;attraverso ricerche collaborative che&nbsp;coinvolgono&nbsp;discipline umanistiche, scienze sperimentali e applicazioni tecnologiche. Con oltre 180 ricercatori, tecnologi e tecnici di varie discipline e una forte propensione&hellip; Continua a leggere ISPC CNR\" \/>\n<meta property=\"og:url\" content=\"https:\/\/culturaindustria.it\/wordpress\/ispc-cnr\/\" \/>\n<meta property=\"og:site_name\" content=\"Carta della Cultura Industriale\" \/>\n<meta property=\"article:modified_time\" content=\"2023-12-21T09:57:22+00:00\" \/>\n<meta property=\"og:image\" content=\"https:\/\/culturaindustria.it\/wordpress\/wp-content\/uploads\/2023\/10\/Porfyriou.jpg\" \/>\n<meta name=\"twitter:card\" content=\"summary_large_image\" \/>\n<meta name=\"twitter:label1\" content=\"Tempo di lettura stimato\" \/>\n\t<meta name=\"twitter:data1\" content=\"3 minuti\" \/>\n<script type=\"application\/ld+json\" class=\"yoast-schema-graph\">{\"@context\":\"https:\/\/schema.org\",\"@graph\":[{\"@type\":\"WebPage\",\"@id\":\"https:\/\/culturaindustria.it\/wordpress\/ispc-cnr\/\",\"url\":\"https:\/\/culturaindustria.it\/wordpress\/ispc-cnr\/\",\"name\":\"ISPC CNR - Carta della Cultura Industriale\",\"isPartOf\":{\"@id\":\"https:\/\/culturaindustria.it\/wordpress\/#website\"},\"datePublished\":\"2023-07-18T14:26:26+00:00\",\"dateModified\":\"2023-12-21T09:57:22+00:00\",\"breadcrumb\":{\"@id\":\"https:\/\/culturaindustria.it\/wordpress\/ispc-cnr\/#breadcrumb\"},\"inLanguage\":\"it-IT\",\"potentialAction\":[{\"@type\":\"ReadAction\",\"target\":[\"https:\/\/culturaindustria.it\/wordpress\/ispc-cnr\/\"]}]},{\"@type\":\"BreadcrumbList\",\"@id\":\"https:\/\/culturaindustria.it\/wordpress\/ispc-cnr\/#breadcrumb\",\"itemListElement\":[{\"@type\":\"ListItem\",\"position\":1,\"name\":\"Home\",\"item\":\"https:\/\/culturaindustria.it\/wordpress\/\"},{\"@type\":\"ListItem\",\"position\":2,\"name\":\"ISPC CNR\"}]},{\"@type\":\"WebSite\",\"@id\":\"https:\/\/culturaindustria.it\/wordpress\/#website\",\"url\":\"https:\/\/culturaindustria.it\/wordpress\/\",\"name\":\"Carta della Cultura Industriale\",\"description\":\"\",\"publisher\":{\"@id\":\"https:\/\/culturaindustria.it\/wordpress\/#organization\"},\"potentialAction\":[{\"@type\":\"SearchAction\",\"target\":{\"@type\":\"EntryPoint\",\"urlTemplate\":\"https:\/\/culturaindustria.it\/wordpress\/?s={search_term_string}\"},\"query-input\":\"required name=search_term_string\"}],\"inLanguage\":\"it-IT\"},{\"@type\":\"Organization\",\"@id\":\"https:\/\/culturaindustria.it\/wordpress\/#organization\",\"name\":\"Carta della Cultura Industriale\",\"url\":\"https:\/\/culturaindustria.it\/wordpress\/\",\"logo\":{\"@type\":\"ImageObject\",\"inLanguage\":\"it-IT\",\"@id\":\"https:\/\/culturaindustria.it\/wordpress\/#\/schema\/logo\/image\/\",\"url\":\"https:\/\/culturaindustria.it\/wordpress\/wp-content\/uploads\/2023\/01\/CdCi.png\",\"contentUrl\":\"https:\/\/culturaindustria.it\/wordpress\/wp-content\/uploads\/2023\/01\/CdCi.png\",\"width\":475,\"height\":274,\"caption\":\"Carta della Cultura Industriale\"},\"image\":{\"@id\":\"https:\/\/culturaindustria.it\/wordpress\/#\/schema\/logo\/image\/\"}}]}<\/script>\n<!-- \/ Yoast SEO plugin. -->","yoast_head_json":{"title":"ISPC CNR - Carta della Cultura Industriale","robots":{"index":"index","follow":"follow","max-snippet":"max-snippet:-1","max-image-preview":"max-image-preview:large","max-video-preview":"max-video-preview:-1"},"canonical":"https:\/\/culturaindustria.it\/wordpress\/ispc-cnr\/","og_locale":"it_IT","og_type":"article","og_title":"ISPC CNR - Carta della Cultura Industriale","og_description":"Il&nbsp;Consiglio Nazionale delle Ricerche CNR&nbsp;\u00e8 coinvolto tramite l\u2019Istituto di Scienze del Patrimonio Culturale&nbsp;ISPC la cui missione \u00e8 quella di perseguire l\u2019eccellenza scientifica e favorire l\u2019innovazione nella&nbsp;conoscenza, conservazione e valorizzazione dei beni culturali&nbsp;attraverso ricerche collaborative che&nbsp;coinvolgono&nbsp;discipline umanistiche, scienze sperimentali e applicazioni tecnologiche. Con oltre 180 ricercatori, tecnologi e tecnici di varie discipline e una forte propensione&hellip; Continua a leggere ISPC CNR","og_url":"https:\/\/culturaindustria.it\/wordpress\/ispc-cnr\/","og_site_name":"Carta della Cultura Industriale","article_modified_time":"2023-12-21T09:57:22+00:00","og_image":[{"url":"https:\/\/culturaindustria.it\/wordpress\/wp-content\/uploads\/2023\/10\/Porfyriou.jpg"}],"twitter_card":"summary_large_image","twitter_misc":{"Tempo di lettura stimato":"3 minuti"},"schema":{"@context":"https:\/\/schema.org","@graph":[{"@type":"WebPage","@id":"https:\/\/culturaindustria.it\/wordpress\/ispc-cnr\/","url":"https:\/\/culturaindustria.it\/wordpress\/ispc-cnr\/","name":"ISPC CNR - Carta della Cultura Industriale","isPartOf":{"@id":"https:\/\/culturaindustria.it\/wordpress\/#website"},"datePublished":"2023-07-18T14:26:26+00:00","dateModified":"2023-12-21T09:57:22+00:00","breadcrumb":{"@id":"https:\/\/culturaindustria.it\/wordpress\/ispc-cnr\/#breadcrumb"},"inLanguage":"it-IT","potentialAction":[{"@type":"ReadAction","target":["https:\/\/culturaindustria.it\/wordpress\/ispc-cnr\/"]}]},{"@type":"BreadcrumbList","@id":"https:\/\/culturaindustria.it\/wordpress\/ispc-cnr\/#breadcrumb","itemListElement":[{"@type":"ListItem","position":1,"name":"Home","item":"https:\/\/culturaindustria.it\/wordpress\/"},{"@type":"ListItem","position":2,"name":"ISPC CNR"}]},{"@type":"WebSite","@id":"https:\/\/culturaindustria.it\/wordpress\/#website","url":"https:\/\/culturaindustria.it\/wordpress\/","name":"Carta della Cultura Industriale","description":"","publisher":{"@id":"https:\/\/culturaindustria.it\/wordpress\/#organization"},"potentialAction":[{"@type":"SearchAction","target":{"@type":"EntryPoint","urlTemplate":"https:\/\/culturaindustria.it\/wordpress\/?s={search_term_string}"},"query-input":"required name=search_term_string"}],"inLanguage":"it-IT"},{"@type":"Organization","@id":"https:\/\/culturaindustria.it\/wordpress\/#organization","name":"Carta della Cultura Industriale","url":"https:\/\/culturaindustria.it\/wordpress\/","logo":{"@type":"ImageObject","inLanguage":"it-IT","@id":"https:\/\/culturaindustria.it\/wordpress\/#\/schema\/logo\/image\/","url":"https:\/\/culturaindustria.it\/wordpress\/wp-content\/uploads\/2023\/01\/CdCi.png","contentUrl":"https:\/\/culturaindustria.it\/wordpress\/wp-content\/uploads\/2023\/01\/CdCi.png","width":475,"height":274,"caption":"Carta della Cultura Industriale"},"image":{"@id":"https:\/\/culturaindustria.it\/wordpress\/#\/schema\/logo\/image\/"}}]}},"jetpack_sharing_enabled":true,"_links":{"self":[{"href":"https:\/\/culturaindustria.it\/wordpress\/wp-json\/wp\/v2\/pages\/555","targetHints":{"allow":["GET"]}}],"collection":[{"href":"https:\/\/culturaindustria.it\/wordpress\/wp-json\/wp\/v2\/pages"}],"about":[{"href":"https:\/\/culturaindustria.it\/wordpress\/wp-json\/wp\/v2\/types\/page"}],"author":[{"embeddable":true,"href":"https:\/\/culturaindustria.it\/wordpress\/wp-json\/wp\/v2\/users\/1"}],"replies":[{"embeddable":true,"href":"https:\/\/culturaindustria.it\/wordpress\/wp-json\/wp\/v2\/comments?post=555"}],"version-history":[{"count":16,"href":"https:\/\/culturaindustria.it\/wordpress\/wp-json\/wp\/v2\/pages\/555\/revisions"}],"predecessor-version":[{"id":1724,"href":"https:\/\/culturaindustria.it\/wordpress\/wp-json\/wp\/v2\/pages\/555\/revisions\/1724"}],"wp:attachment":[{"href":"https:\/\/culturaindustria.it\/wordpress\/wp-json\/wp\/v2\/media?parent=555"}],"curies":[{"name":"wp","href":"https:\/\/api.w.org\/{rel}","templated":true}]}}