{"id":563,"date":"2023-07-18T16:27:22","date_gmt":"2023-07-18T14:27:22","guid":{"rendered":"https:\/\/culturaindustria.it\/wordpress\/?page_id=563"},"modified":"2023-12-21T11:15:42","modified_gmt":"2023-12-21T10:15:42","slug":"pubblicazioni","status":"publish","type":"page","link":"https:\/\/culturaindustria.it\/wordpress\/pubblicazioni\/","title":{"rendered":"Pubblicazioni"},"content":{"rendered":"\n<p>Il progetto prevede la pubblicazione di due volumi nel 2024: una monografia dedicata alle architetture industriali del Secondo Dopoguerra con apparati (1) e un volume che raccoglie contributi miscellanei (2).<\/p>\n\n\n\n<ol class=\"wp-block-list\">\n<li>Maddalena Scimemi, <em>L\u2019ordine \u201corganico\u201d. Architettura ed Estetica industriale nell\u2019Italia del 2\u00b0 Dopoguerra<\/em>, Roma 2024<\/li>\n\n\n\n<li><em>La cultura industriale. Una ricerca di architettura<\/em>, a cura di Maddalena Scimemi e Marida Talamona, Roma 2024<\/li>\n<\/ol>\n\n\n\n<div style=\"height:21px\" aria-hidden=\"true\" class=\"wp-block-spacer\"><\/div>\n\n\n\n<div style=\"height:4px\" aria-hidden=\"true\" class=\"wp-block-spacer separatore\"><\/div>\n\n\n\n<div class=\"wp-block-columns is-layout-flex wp-container-core-columns-is-layout-9d6595d7 wp-block-columns-is-layout-flex\">\n<div class=\"wp-block-column is-layout-flow wp-block-column-is-layout-flow\" style=\"flex-basis:33.33%\">\n<figure class=\"wp-block-image size-full\"><img loading=\"lazy\" decoding=\"async\" width=\"744\" height=\"880\" data-attachment-id=\"1434\" data-permalink=\"https:\/\/culturaindustria.it\/wordpress\/pubblicazioni\/pubbl_1_image\/\" data-orig-file=\"https:\/\/culturaindustria.it\/wordpress\/wp-content\/uploads\/2023\/11\/PUBBL_1_image.png\" data-orig-size=\"744,880\" data-comments-opened=\"0\" data-image-meta=\"{&quot;aperture&quot;:&quot;0&quot;,&quot;credit&quot;:&quot;&quot;,&quot;camera&quot;:&quot;&quot;,&quot;caption&quot;:&quot;&quot;,&quot;created_timestamp&quot;:&quot;0&quot;,&quot;copyright&quot;:&quot;&quot;,&quot;focal_length&quot;:&quot;0&quot;,&quot;iso&quot;:&quot;0&quot;,&quot;shutter_speed&quot;:&quot;0&quot;,&quot;title&quot;:&quot;&quot;,&quot;orientation&quot;:&quot;0&quot;}\" data-image-title=\"PUBBL_1_image\" data-image-description=\"&lt;p&gt;(1)\tMaddalena Scimemi, L\u2019ordine \u201corganico\u201d. Architettura ed Estetica industriale nell\u2019Italia del 2\u00b0 Dopoguerra, Roma 2024&lt;\/p&gt;\n\" data-image-caption=\"&lt;p&gt;(1)\tMaddalena Scimemi, L\u2019ordine \u201corganico\u201d. Architettura ed Estetica industriale nell\u2019Italia del 2\u00b0 Dopoguerra, Roma 2024&lt;\/p&gt;\n\" data-medium-file=\"https:\/\/culturaindustria.it\/wordpress\/wp-content\/uploads\/2023\/11\/PUBBL_1_image-254x300.png\" data-large-file=\"https:\/\/culturaindustria.it\/wordpress\/wp-content\/uploads\/2023\/11\/PUBBL_1_image.png\" src=\"https:\/\/culturaindustria.it\/wordpress\/wp-content\/uploads\/2023\/11\/PUBBL_1_image.png\" alt=\"(1) Maddalena Scimemi, L\u2019ordine \u201corganico\u201d. Architettura ed Estetica industriale nell\u2019Italia del 2\u00b0 Dopoguerra, Roma 2024\" class=\"wp-image-1434\" srcset=\"https:\/\/culturaindustria.it\/wordpress\/wp-content\/uploads\/2023\/11\/PUBBL_1_image.png 744w, https:\/\/culturaindustria.it\/wordpress\/wp-content\/uploads\/2023\/11\/PUBBL_1_image-254x300.png 254w\" sizes=\"auto, (max-width: 744px) 100vw, 744px\" \/><\/figure>\n<\/div>\n\n\n\n<div class=\"wp-block-column is-layout-flow wp-block-column-is-layout-flow\" style=\"flex-basis:66.66%\">\n<p class=\"has-text-align-center\"><strong>Pubblicazione 1 &#8211; monografia<\/strong><\/p>\n\n\n\n<p><strong>Autore:<\/strong> Maddalena Scimemi<\/p>\n\n\n\n<p><strong>Titolo:<\/strong> <em>L\u2019ordine organico. Architettura ed estetica industriale (1950-60)<\/em><\/p>\n\n\n\n<p><strong>Abstract:<\/strong> Il dibattito sull\u2019estetica delle fabbriche, acceso nell\u2019Europa prebellica dagli architetti della cosiddetta &#8220;seconda Et\u00e0 della macchina&#8221;, conosce nel decennio 1950-60 una stagione di rinnovato fermento a livello internazionale, che vede l\u2019Italia a confronto con le maggiori potenze economiche mondiali. Alla grande variet\u00e0 di espressioni formali riscontrata in architettura corrisponde la vivacit\u00e0 di una discussione teorica che verte sul pi\u00f9 ampio rapporto tra Arte e Tecnica, sulla coerenza dell\u2019estetica industriale alle diverse scale di progetto, sul ripensamento improcrastinabile dell\u2019approccio &#8220;funzionalista&#8221;. I nuovi traguardi da raggiungere sono legati alla flessibilit\u00e0 dell\u2019impianto planimetrico, alla predisposizione delle strutture per futuri ampliamenti, al comfort dell\u2019habitat negli spazi di lavoro come in quelli di servizio. Si tratta di caratteristiche ispirate alle dinamiche trasformative degli organismi viventi e alle loro unit\u00e0 costitutive, le cellule, in nome delle quali \u2013 anche e soprattutto nel settore della progettazione di stabilimenti produttivi \u2013 si sperimentano soluzioni che vedono ricorrere sistemi micro e macro modulari, elementi prefabbricati integrati agli impianti, formalismi impostati sulla geometria dell\u2019esagono. \u00c8 la stagione, durata appena un decennio, dell\u2019approccio &#8220;organico&#8221;, l\u2019ultimo ordine architettonico dell\u2019et\u00e0 contemporanea.<\/p>\n\n\n\n<p><\/p>\n\n\n\n<p><strong>Indice:<\/strong><\/p>\n\n\n\n<ol class=\"wp-block-list\">\n<li>L\u2019estetica industriale<\/li>\n\n\n\n<li>L\u2019ordine organico<\/li>\n\n\n\n<li>La fabbrica e l\u2019ambiente<\/li>\n<\/ol>\n\n\n\n<p><em>Apparati<\/em><\/p>\n\n\n\n<ul class=\"wp-block-list\">\n<li>Catalogo architetture 1945-1965<\/li>\n\n\n\n<li>Bibliografia<\/li>\n\n\n\n<li>Indice analitico<\/li>\n<\/ul>\n\n\n\n<p><\/p>\n\n\n\n<p><strong>Caratteri<\/strong> 150.000 (spazi inclusi), di cui 100.000 di testo e 50.000 di apparati<br><strong>Immagini<\/strong> 60<br><strong>Formato<\/strong> 17&#215;24 cm<br><strong>Pubblicazione <\/strong>aprile 2024<\/p>\n<\/div>\n<\/div>\n\n\n\n<p class=\"has-text-align-center\"><\/p>\n\n\n\n<div style=\"height:4px\" aria-hidden=\"true\" class=\"wp-block-spacer separatore\"><\/div>\n\n\n\n<div class=\"wp-block-columns is-layout-flex wp-container-core-columns-is-layout-9d6595d7 wp-block-columns-is-layout-flex\">\n<div class=\"wp-block-column is-layout-flow wp-block-column-is-layout-flow\" style=\"flex-basis:33.33%\">\n<figure class=\"wp-block-image size-full\"><img loading=\"lazy\" decoding=\"async\" width=\"714\" height=\"880\" data-attachment-id=\"1435\" data-permalink=\"https:\/\/culturaindustria.it\/wordpress\/pubblicazioni\/pubbl_2_image\/\" data-orig-file=\"https:\/\/culturaindustria.it\/wordpress\/wp-content\/uploads\/2023\/11\/PUBBL_2_image.png\" data-orig-size=\"714,880\" data-comments-opened=\"0\" data-image-meta=\"{&quot;aperture&quot;:&quot;0&quot;,&quot;credit&quot;:&quot;&quot;,&quot;camera&quot;:&quot;&quot;,&quot;caption&quot;:&quot;&quot;,&quot;created_timestamp&quot;:&quot;0&quot;,&quot;copyright&quot;:&quot;&quot;,&quot;focal_length&quot;:&quot;0&quot;,&quot;iso&quot;:&quot;0&quot;,&quot;shutter_speed&quot;:&quot;0&quot;,&quot;title&quot;:&quot;&quot;,&quot;orientation&quot;:&quot;0&quot;}\" data-image-title=\"PUBBL_2_image\" data-image-description=\"&lt;p&gt;(2)\tLa cultura industriale. Una ricerca di architettura, a cura di Maddalena Scimemi e Marida Talamona, Roma 2024&lt;\/p&gt;\n\" data-image-caption=\"&lt;p&gt;(2)\tLa cultura industriale. Una ricerca di architettura, a cura di Maddalena Scimemi e Marida Talamona, Roma 2024&lt;\/p&gt;\n\" data-medium-file=\"https:\/\/culturaindustria.it\/wordpress\/wp-content\/uploads\/2023\/11\/PUBBL_2_image-243x300.png\" data-large-file=\"https:\/\/culturaindustria.it\/wordpress\/wp-content\/uploads\/2023\/11\/PUBBL_2_image.png\" src=\"https:\/\/culturaindustria.it\/wordpress\/wp-content\/uploads\/2023\/11\/PUBBL_2_image.png\" alt=\"(2) La cultura industriale. Una ricerca di architettura, a cura di Maddalena Scimemi e Marida Talamona, Roma 2024\" class=\"wp-image-1435\" srcset=\"https:\/\/culturaindustria.it\/wordpress\/wp-content\/uploads\/2023\/11\/PUBBL_2_image.png 714w, https:\/\/culturaindustria.it\/wordpress\/wp-content\/uploads\/2023\/11\/PUBBL_2_image-243x300.png 243w\" sizes=\"auto, (max-width: 714px) 100vw, 714px\" \/><\/figure>\n<\/div>\n\n\n\n<div class=\"wp-block-column is-layout-flow wp-block-column-is-layout-flow\" style=\"flex-basis:66.66%\">\n<p class=\"has-text-align-center\"><strong>Pubblicazione 2 \u2013 volume miscellaneo<\/strong><\/p>\n\n\n\n<p><strong>Titolo:<\/strong> <em>La Carta della Cultura Industriale. Architetture della produzione in Italia (1945-1975)<\/em><\/p>\n\n\n\n<p><strong>Curatrici:<\/strong> Maddalena Scimemi, Marida Talamona<\/p>\n\n\n\n<p><strong>Abstract:<\/strong> Il volume miscellaneo costituisce l\u2019esito di un progetto di ricerca \u2013 Carta della Cultura Industriale (CdCI) \u2013 dedicato alle architetture industriali degli anni del \u2018miracolo economico\u2019 in Italia e al patrimonio iconografico e documentario legato alla loro storia, con particolare riguardo alle realt\u00e0 produttive del Lazio ancora in funzione. Articolato in pi\u00f9 contributi, in rappresentanza delle diverse istituzioni coinvolte nell\u2019indagine (DARC Roma Tre; Tor Vergata; CNR; Archivio Centrale dello Stato) oltre che di studiosi esterni, il volume \u00e8 corredato da una nutrita sezione di apparati, comprendente un reportage fotografico di nuova realizzazione e materiali d\u2019archivio inediti.<\/p>\n\n\n\n<p><\/p>\n\n\n\n<p><strong>Indice<\/strong><\/p>\n\n\n\n<p><\/p>\n\n\n\n<p><em>Contributi:<\/em> Giorgia Aureli, Daniela Brignone, Gianluca Capurso, Francesca Castan\u00f2, Federica Causarano, Simonetta Ceglie, Pietro Cesari, Alberto Coppo, Antonio Di Cecco, Roberta Folgiero, Lorenzo Grieco, Roberta Grignolo, Tullia Iori, Valerio Palmieri, Heleni Porfyriou, Olimpia Ratto Vaquer, Maddalena Scimemi, Marida Talamona, Antonio Tripodo.<br><em>Apparati:<\/em><\/p>\n\n\n\n<ol class=\"wp-block-list\">\n<li>Nuova Campagna Fotografica (A. Di Cecco)<\/li>\n\n\n\n<li>Modelli 3D (A. Tripodo)<\/li>\n\n\n\n<li>Bibliografia<\/li>\n<\/ol>\n\n\n\n<p><\/p>\n\n\n\n<p><strong>Caratteri<\/strong> 350.000 (spazi e note inclusi)<\/p>\n\n\n\n<p><strong>Immagini<\/strong> 150 (contributi) + 30 a tutta pagina (Nuova Campagna Fotografica)<\/p>\n\n\n\n<p><strong>Formato<\/strong> 20&#215;25 cm<\/p>\n\n\n\n<p><strong>Pubblicazione<\/strong> 2024<\/p>\n<\/div>\n<\/div>\n\n\n\n<p class=\"has-text-align-center\"><\/p>\n\n\n\n<div style=\"height:18px\" aria-hidden=\"true\" class=\"wp-block-spacer\"><\/div>\n","protected":false},"excerpt":{"rendered":"<p>Il progetto prevede la pubblicazione di due volumi nel 2024: una monografia dedicata alle architetture industriali del Secondo Dopoguerra con apparati (1) e un volume che raccoglie contributi miscellanei (2). Pubblicazione 1 &#8211; monografia Autore: Maddalena Scimemi Titolo: L\u2019ordine organico. Architettura ed estetica industriale (1950-60) Abstract: Il dibattito sull\u2019estetica delle fabbriche, acceso nell\u2019Europa prebellica dagli&hellip; <a class=\"more-link\" href=\"https:\/\/culturaindustria.it\/wordpress\/pubblicazioni\/\">Continua a leggere <span class=\"screen-reader-text\">Pubblicazioni<\/span><\/a><\/p>\n","protected":false},"author":1,"featured_media":0,"parent":0,"menu_order":0,"comment_status":"closed","ping_status":"closed","template":"","meta":{"footnotes":""},"class_list":["post-563","page","type-page","status-publish","hentry","entry"],"acf":{"id":8},"yoast_head":"<!-- This site is optimized with the Yoast SEO plugin v20.0 - https:\/\/yoast.com\/wordpress\/plugins\/seo\/ -->\n<title>Pubblicazioni - Carta della Cultura Industriale<\/title>\n<meta name=\"robots\" content=\"index, follow, max-snippet:-1, max-image-preview:large, max-video-preview:-1\" \/>\n<link rel=\"canonical\" href=\"https:\/\/culturaindustria.it\/wordpress\/pubblicazioni\/\" \/>\n<meta property=\"og:locale\" content=\"it_IT\" \/>\n<meta property=\"og:type\" content=\"article\" \/>\n<meta property=\"og:title\" content=\"Pubblicazioni - Carta della Cultura Industriale\" \/>\n<meta property=\"og:description\" content=\"Il progetto prevede la pubblicazione di due volumi nel 2024: una monografia dedicata alle architetture industriali del Secondo Dopoguerra con apparati (1) e un volume che raccoglie contributi miscellanei (2). Pubblicazione 1 &#8211; monografia Autore: Maddalena Scimemi Titolo: L\u2019ordine organico. Architettura ed estetica industriale (1950-60) Abstract: Il dibattito sull\u2019estetica delle fabbriche, acceso nell\u2019Europa prebellica dagli&hellip; Continua a leggere Pubblicazioni\" \/>\n<meta property=\"og:url\" content=\"https:\/\/culturaindustria.it\/wordpress\/pubblicazioni\/\" \/>\n<meta property=\"og:site_name\" content=\"Carta della Cultura Industriale\" \/>\n<meta property=\"article:modified_time\" content=\"2023-12-21T10:15:42+00:00\" \/>\n<meta property=\"og:image\" content=\"https:\/\/culturaindustria.it\/wordpress\/wp-content\/uploads\/2023\/11\/PUBBL_1_image.png\" \/>\n<meta name=\"twitter:card\" content=\"summary_large_image\" \/>\n<meta name=\"twitter:label1\" content=\"Tempo di lettura stimato\" \/>\n\t<meta name=\"twitter:data1\" content=\"2 minuti\" \/>\n<script type=\"application\/ld+json\" class=\"yoast-schema-graph\">{\"@context\":\"https:\/\/schema.org\",\"@graph\":[{\"@type\":\"WebPage\",\"@id\":\"https:\/\/culturaindustria.it\/wordpress\/pubblicazioni\/\",\"url\":\"https:\/\/culturaindustria.it\/wordpress\/pubblicazioni\/\",\"name\":\"Pubblicazioni - Carta della Cultura Industriale\",\"isPartOf\":{\"@id\":\"https:\/\/culturaindustria.it\/wordpress\/#website\"},\"datePublished\":\"2023-07-18T14:27:22+00:00\",\"dateModified\":\"2023-12-21T10:15:42+00:00\",\"breadcrumb\":{\"@id\":\"https:\/\/culturaindustria.it\/wordpress\/pubblicazioni\/#breadcrumb\"},\"inLanguage\":\"it-IT\",\"potentialAction\":[{\"@type\":\"ReadAction\",\"target\":[\"https:\/\/culturaindustria.it\/wordpress\/pubblicazioni\/\"]}]},{\"@type\":\"BreadcrumbList\",\"@id\":\"https:\/\/culturaindustria.it\/wordpress\/pubblicazioni\/#breadcrumb\",\"itemListElement\":[{\"@type\":\"ListItem\",\"position\":1,\"name\":\"Home\",\"item\":\"https:\/\/culturaindustria.it\/wordpress\/\"},{\"@type\":\"ListItem\",\"position\":2,\"name\":\"Pubblicazioni\"}]},{\"@type\":\"WebSite\",\"@id\":\"https:\/\/culturaindustria.it\/wordpress\/#website\",\"url\":\"https:\/\/culturaindustria.it\/wordpress\/\",\"name\":\"Carta della Cultura Industriale\",\"description\":\"\",\"publisher\":{\"@id\":\"https:\/\/culturaindustria.it\/wordpress\/#organization\"},\"potentialAction\":[{\"@type\":\"SearchAction\",\"target\":{\"@type\":\"EntryPoint\",\"urlTemplate\":\"https:\/\/culturaindustria.it\/wordpress\/?s={search_term_string}\"},\"query-input\":\"required name=search_term_string\"}],\"inLanguage\":\"it-IT\"},{\"@type\":\"Organization\",\"@id\":\"https:\/\/culturaindustria.it\/wordpress\/#organization\",\"name\":\"Carta della Cultura Industriale\",\"url\":\"https:\/\/culturaindustria.it\/wordpress\/\",\"logo\":{\"@type\":\"ImageObject\",\"inLanguage\":\"it-IT\",\"@id\":\"https:\/\/culturaindustria.it\/wordpress\/#\/schema\/logo\/image\/\",\"url\":\"https:\/\/culturaindustria.it\/wordpress\/wp-content\/uploads\/2023\/01\/CdCi.png\",\"contentUrl\":\"https:\/\/culturaindustria.it\/wordpress\/wp-content\/uploads\/2023\/01\/CdCi.png\",\"width\":475,\"height\":274,\"caption\":\"Carta della Cultura Industriale\"},\"image\":{\"@id\":\"https:\/\/culturaindustria.it\/wordpress\/#\/schema\/logo\/image\/\"}}]}<\/script>\n<!-- \/ Yoast SEO plugin. -->","yoast_head_json":{"title":"Pubblicazioni - Carta della Cultura Industriale","robots":{"index":"index","follow":"follow","max-snippet":"max-snippet:-1","max-image-preview":"max-image-preview:large","max-video-preview":"max-video-preview:-1"},"canonical":"https:\/\/culturaindustria.it\/wordpress\/pubblicazioni\/","og_locale":"it_IT","og_type":"article","og_title":"Pubblicazioni - Carta della Cultura Industriale","og_description":"Il progetto prevede la pubblicazione di due volumi nel 2024: una monografia dedicata alle architetture industriali del Secondo Dopoguerra con apparati (1) e un volume che raccoglie contributi miscellanei (2). Pubblicazione 1 &#8211; monografia Autore: Maddalena Scimemi Titolo: L\u2019ordine organico. Architettura ed estetica industriale (1950-60) Abstract: Il dibattito sull\u2019estetica delle fabbriche, acceso nell\u2019Europa prebellica dagli&hellip; Continua a leggere Pubblicazioni","og_url":"https:\/\/culturaindustria.it\/wordpress\/pubblicazioni\/","og_site_name":"Carta della Cultura Industriale","article_modified_time":"2023-12-21T10:15:42+00:00","og_image":[{"url":"https:\/\/culturaindustria.it\/wordpress\/wp-content\/uploads\/2023\/11\/PUBBL_1_image.png"}],"twitter_card":"summary_large_image","twitter_misc":{"Tempo di lettura stimato":"2 minuti"},"schema":{"@context":"https:\/\/schema.org","@graph":[{"@type":"WebPage","@id":"https:\/\/culturaindustria.it\/wordpress\/pubblicazioni\/","url":"https:\/\/culturaindustria.it\/wordpress\/pubblicazioni\/","name":"Pubblicazioni - Carta della Cultura Industriale","isPartOf":{"@id":"https:\/\/culturaindustria.it\/wordpress\/#website"},"datePublished":"2023-07-18T14:27:22+00:00","dateModified":"2023-12-21T10:15:42+00:00","breadcrumb":{"@id":"https:\/\/culturaindustria.it\/wordpress\/pubblicazioni\/#breadcrumb"},"inLanguage":"it-IT","potentialAction":[{"@type":"ReadAction","target":["https:\/\/culturaindustria.it\/wordpress\/pubblicazioni\/"]}]},{"@type":"BreadcrumbList","@id":"https:\/\/culturaindustria.it\/wordpress\/pubblicazioni\/#breadcrumb","itemListElement":[{"@type":"ListItem","position":1,"name":"Home","item":"https:\/\/culturaindustria.it\/wordpress\/"},{"@type":"ListItem","position":2,"name":"Pubblicazioni"}]},{"@type":"WebSite","@id":"https:\/\/culturaindustria.it\/wordpress\/#website","url":"https:\/\/culturaindustria.it\/wordpress\/","name":"Carta della Cultura Industriale","description":"","publisher":{"@id":"https:\/\/culturaindustria.it\/wordpress\/#organization"},"potentialAction":[{"@type":"SearchAction","target":{"@type":"EntryPoint","urlTemplate":"https:\/\/culturaindustria.it\/wordpress\/?s={search_term_string}"},"query-input":"required name=search_term_string"}],"inLanguage":"it-IT"},{"@type":"Organization","@id":"https:\/\/culturaindustria.it\/wordpress\/#organization","name":"Carta della Cultura Industriale","url":"https:\/\/culturaindustria.it\/wordpress\/","logo":{"@type":"ImageObject","inLanguage":"it-IT","@id":"https:\/\/culturaindustria.it\/wordpress\/#\/schema\/logo\/image\/","url":"https:\/\/culturaindustria.it\/wordpress\/wp-content\/uploads\/2023\/01\/CdCi.png","contentUrl":"https:\/\/culturaindustria.it\/wordpress\/wp-content\/uploads\/2023\/01\/CdCi.png","width":475,"height":274,"caption":"Carta della Cultura Industriale"},"image":{"@id":"https:\/\/culturaindustria.it\/wordpress\/#\/schema\/logo\/image\/"}}]}},"jetpack_sharing_enabled":true,"_links":{"self":[{"href":"https:\/\/culturaindustria.it\/wordpress\/wp-json\/wp\/v2\/pages\/563","targetHints":{"allow":["GET"]}}],"collection":[{"href":"https:\/\/culturaindustria.it\/wordpress\/wp-json\/wp\/v2\/pages"}],"about":[{"href":"https:\/\/culturaindustria.it\/wordpress\/wp-json\/wp\/v2\/types\/page"}],"author":[{"embeddable":true,"href":"https:\/\/culturaindustria.it\/wordpress\/wp-json\/wp\/v2\/users\/1"}],"replies":[{"embeddable":true,"href":"https:\/\/culturaindustria.it\/wordpress\/wp-json\/wp\/v2\/comments?post=563"}],"version-history":[{"count":10,"href":"https:\/\/culturaindustria.it\/wordpress\/wp-json\/wp\/v2\/pages\/563\/revisions"}],"predecessor-version":[{"id":1740,"href":"https:\/\/culturaindustria.it\/wordpress\/wp-json\/wp\/v2\/pages\/563\/revisions\/1740"}],"wp:attachment":[{"href":"https:\/\/culturaindustria.it\/wordpress\/wp-json\/wp\/v2\/media?parent=563"}],"curies":[{"name":"wp","href":"https:\/\/api.w.org\/{rel}","templated":true}]}}